{"id":1594,"date":"2024-12-12T11:19:34","date_gmt":"2024-12-12T11:19:34","guid":{"rendered":"https:\/\/amarquesarquitectura.com\/\/aviso-legal\/"},"modified":"2024-12-12T15:57:38","modified_gmt":"2024-12-12T15:57:38","slug":"aviso-legal","status":"publish","type":"page","link":"https:\/\/www.amarquesarquitectura.com\/es\/aviso-legal\/","title":{"rendered":"Aviso legal"},"content":{"rendered":"\t\t<div data-elementor-type=\"wp-page\" data-elementor-id=\"1594\" class=\"elementor elementor-1594 elementor-1262\" data-elementor-post-type=\"page\">\n\t\t\t\t<div class=\"elementor-element elementor-element-14c9431 e-flex e-con-boxed e-con e-parent\" data-id=\"14c9431\" data-element_type=\"container\" data-e-type=\"container\">\n\t\t\t\t\t<div class=\"e-con-inner\">\n\t\t\t\t<div class=\"elementor-element elementor-element-f0c2266 elementor-widget elementor-widget-heading\" data-id=\"f0c2266\" data-element_type=\"widget\" data-e-type=\"widget\" data-widget_type=\"heading.default\">\n\t\t\t\t<div class=\"elementor-widget-container\">\n\t\t\t\t\t<h2 class=\"elementor-heading-title elementor-size-default\">POL\u00cdTICA DE PRIVACIDAD<br><\/h2>\t\t\t\t<\/div>\n\t\t\t\t<\/div>\n\t\t\t\t\t<\/div>\n\t\t\t\t<\/div>\n\t\t<div class=\"elementor-element elementor-element-7d57cc0 e-flex e-con-boxed e-con e-parent\" data-id=\"7d57cc0\" data-element_type=\"container\" data-e-type=\"container\">\n\t\t\t\t\t<div class=\"e-con-inner\">\n\t\t\t\t<div class=\"elementor-element elementor-element-20bec5a elementor-widget elementor-widget-text-editor\" data-id=\"20bec5a\" data-element_type=\"widget\" data-e-type=\"widget\" data-widget_type=\"text-editor.default\">\n\t\t\t\t<div class=\"elementor-widget-container\">\n\t\t\t\t\t\t\t\t\t<h4>Datos del Responsable de esta web<\/h4>\n<ul>\n<li>Identidad del Responsable:&nbsp; Adri\u00e0 \u00d2scar Marqu\u00e8s Triay<\/li>\n<li>NIF\/CIF:&nbsp; 41745851T<\/li>\n<li>Direcci\u00f3n: Calle San Antonio M\u00aa Claret, 88, PB, Ciudadela de Menorca, 07760, Islas Baleares<\/li>\n<li>Correo electr\u00f3nico:&nbsp; adriamarquestriay@gmail.com<\/li>\n<\/ul>\n<p><br><\/p>\n<p>En este espacio, el usuario podr\u00e1 encontrar toda la informaci\u00f3n relativa a los t\u00e9rminos y condiciones legales que definen las relaciones entre usuarios y el responsable de esta web. Como usuario, es importante que conozcas estos t\u00e9rminos antes de continuar tu navegaci\u00f3n. <\/p>\n<p>Adri\u00e0 \u00d2scar Marqu\u00e8s Triay&nbsp; como responsable de esta web, asume el compromiso de procesar la informaci\u00f3n de los usuarios y clientes con plenas garant\u00edas, cumpliendo los requisitos nacionales y europeos que regulan la recopilaci\u00f3n y uso de los datos personales de los usuarios.<\/p>\n<p>Esta web, por tanto, cumple rigurosamente la Ley org\u00e1nica 15\/1999, de 13 de diciembre, de protecci\u00f3n de datos de car\u00e1cter personal (LOPD), y el Real decreto 1720\/2007, de 21 de diciembre, conocido como el Reglamento de desarrollo de la LOPD. Cumple tambi\u00e9n con el Reglamento (UE) 2016\/679 del Parlamento Europeo y del Consejo de 27 de abril de 2016 relativo a la protecci\u00f3n de las personas f\u00edsicas (RGPD), as\u00ed como con la Ley 34\/2002, de 11 de julio , de Servicios de la Sociedad de la Informaci\u00f3n y Comercio Electr\u00f3nico (LSSICE o LSSI). <\/p>\n<h4>&nbsp;<\/h4>\n<h4>Condiciones generales de uso<\/h4>\n<p>Estas Condiciones Generales regulan el uso (incluido el mero acceso) de las p\u00e1ginas de web, integrantes del sitio web de Adri\u00e0 Marqu\u00e8s Arquitectura, incluidos los contenidos y servicios puestos a disposici\u00f3n. .com (\u201cusuario\u201d) acepta someterse a las Condiciones Generales vigentes en cada momento. <\/p>\n<h4>&nbsp;<\/h4>\n<h4>Datos personales que recoge y c\u00f3mo se recogen<\/h4>\n<p>Leer la&nbsp; <a href=\"https:\/\/www.amarquesarquitectura.com\/privacitat\/\" target=\"_blank\" rel=\"noopener\">Pol\u00edtica de Privacidad<\/a> <a href=\"https:\/\/hbarquitectura.net\/privacitat\/\">.<\/a><\/p>\n<h4>&nbsp;<\/h4>\n<h4>Compromisos y obligaciones de los usuarios<\/h4>\n<p>El usuario queda informado, y acepta, que el acceso a la presente web no supone, en modo alguno, el inicio de una relaci\u00f3n comercial con Adri\u00e0 \u00d2scar Marqu\u00e8s Triay. De esta forma, el usuario se compromete a utilizar el sitio web, los servicios y los contenidos sin contravenir la legislaci\u00f3n vigente, la buena fe y el orden p\u00fablico. <\/p>\n<p>Queda prohibido el uso de la web, con fines il\u00edcitos o lesivos, o que, de cualquier modo, puedan causar perjuicio o impedir el normal funcionamiento del sitio web. En cuanto a los contenidos de esta web, se proh\u00edbe: <\/p>\n<ul>\n<li>Su reproducci\u00f3n, distribuci\u00f3n o modificaci\u00f3n, total o parcial, salvo que se cuente con la autorizaci\u00f3n del leg\u00edtimo titular;<\/li>\n<li>Cualquier vulneraci\u00f3n de los derechos del prestamista o del leg\u00edtimo titular;<\/li>\n<li>La utilizaci\u00f3n para fines comerciales o publicitarios sin autorizaci\u00f3n del equipo directivo.<\/li>\n<\/ul>\n<p>En la utilizaci\u00f3n de la web, https:\/\/www.amarquesarquitectura.com el usuario se compromete a no llevar a cabo ninguna conducta que pudiera da\u00f1ar la imagen, los intereses y los derechos de Adri\u00e0 \u00d2scar Marqu\u00e8s Triay&nbsp; o de terceros o que pudiera da\u00f1ar, inutilizar o sobrecargar el portal https:\/\/www.amarquesarquitectura.com\/ o que impidiera, de cualquier modo, la utilizaci\u00f3n normal de la web.<\/p>\n<p>Sin embargo, el usuario debe ser consciente de que las medidas de seguridad de los sistemas inform\u00e1ticos en Internet no son enteramente fiables y que, por tanto, https:\/\/www.amarquesarquitectura.com\/ no puede garantizar la inexistencia de malware u otros elementos que puedan producir alteraciones en los sistemas inform\u00e1ticos (software y hardware) del usuario o en sus documentos electr\u00f3nicos y archivos contenidos en ellos.<\/p>\n<h4>&nbsp;<\/h4>\n<h4>Medidas de seguridad<\/h4>\n<p>Los datos personales comunicados por el usuario a Adri\u00e0 \u00d2scar Marqu\u00e8s Triay&nbsp; pueden ser almacenadas en bases de datos automatizadas o no, cuya titularidad corresponde en exclusiva a Adri\u00e0 \u00d2scar Marqu\u00e8s Triay, asumiendo todas las medidas de \u00edndole t\u00e9cnica, organizativa y de seguridad que garantizan la confidencialidad, integridad y calidad de la informaci\u00f3n contenida en \u00e9stas de acuerdo con lo que se establece en la normativa vigente en protecci\u00f3n de datos. La comunicaci\u00f3n entre los usuarios y https:\/\/www.amarquesarquitectura.com\/ utiliza un canal seguro, y los datos transmitidos son cifrados gracias a protocolos en https, por tanto, se garantizan las mejores condiciones de seguridad para que la confidencialidad de los usuarios est\u00e9 garantizada. <\/p>\n<h4>&nbsp;<\/h4>\n<h4>Plataforma de resoluci\u00f3n de conflictos<\/h4>\n<p>Se pone tambi\u00e9n a disposici\u00f3n de los usuarios, la plataforma de resoluci\u00f3n de litigios que facilita la Comisi\u00f3n Europea y que se encuentra disponible en el siguiente enlace: http:\/\/ec.europa.eu\/consumers\/odr\/<\/p>\n<p>Derechos de propiedad intelectual e industrial<\/p>\n<p>En virtud de lo dispuesto en los art\u00edculos 8 y 32.1, p\u00e1rrafo segundo, de la Ley de propiedad intelectual, quedan expresamente prohibidas la reproducci\u00f3n, distribuci\u00f3n y comunicaci\u00f3n p\u00fablica, incluida su modalidad de puesta a disposici\u00f3n, de la totalidad o parte de los contenidos de esta p\u00e1gina web, con fines comerciales no autorizados, en cualquier soporte y por cualquier medio t\u00e9cnico, sin la autorizaci\u00f3n de Adri\u00e0 \u00d2scar Marqu\u00e8s Triay. El usuario se compromete a respetar los derechos de propiedad intelectual e industrial titularidad de Adri\u00e0 \u00d2scar Marqu\u00e8s Triay. <\/p>\n<p>El usuario conoce y acepta que la totalidad del sitio web, conteniendo sin car\u00e1cter exhaustivo el texto, software, contenidos (incluyendo estructura, selecci\u00f3n, ordenaci\u00f3n y presentaci\u00f3n) fotograf\u00edas, material audiovisual y gr\u00e1ficos, est\u00e1 protegida por marcas, derechos de autor y otros derechos leg\u00edtimos, de acuerdo con los tratados internacionales en los que Espa\u00f1a es parte y otros derechos de propiedad y leyes de Espa\u00f1a.<\/p>\n<p>En caso de que un usuario o un tercero consideren que se ha producido una violaci\u00f3n de sus leg\u00edtimos derechos de propiedad intelectual por la introducci\u00f3n de un determinado contenido en la web, deber\u00e1 notificar esta circunstancia a Adri\u00e0 \u00d2scar Marqu\u00e8s Triay&nbsp; indicando:<\/p>\n<ul>\n<li>Datos personales del interesado titular de los derechos presuntamente infringidos, o indicar la representaci\u00f3n con la que act\u00faa en caso de que la reclamaci\u00f3n la presente un tercero distinto del interesado.<\/li>\n<li>Se\u00f1alar los contenidos protegidos por los derechos de propiedad intelectual y su ubicaci\u00f3n en la web, la acreditaci\u00f3n de los derechos de propiedad intelectual se\u00f1alados y declaraci\u00f3n expresa en la que el interesado se responsabiliza de la veracidad de las informaciones facilitadas en la notificaci\u00f3n .<\/li>\n<\/ul>\n<h4>&nbsp;<\/h4>\n<h4>Enlaces externos<\/h4>\n<p>Las p\u00e1ginas de la web https:\/\/www.amarquesarquitectura.com\/ pueden proporcionar enlaces a otros sitios web propios y contenidos que son propiedad de terceros como:<\/p>\n<ul>\n<li>Contenido de otros blogs<\/li>\n<li>Contenido de otras p\u00e1ginas webs<\/li>\n<\/ul>\n<h4>&nbsp;<\/h4>\n<h4>Exclusi\u00f3n de garant\u00edas y responsable<\/h4>\n<p><span style=\"color: var( --e-global-color-text ); font-family: var( --e-global-typography-text-font-family ), Sans-serif; font-size: var( --e-global-typography-text-font-size ); font-weight: var( --e-global-typography-text-font-weight ); text-align: var(--text-align);\">Adri\u00e0 \u00d2scar Marqu\u00e8s Triay<\/span>&nbsp; no otorga ninguna garant\u00eda ni se hace responsable, en ning\u00fan caso, de los da\u00f1os y perjuicios de cualquier naturaleza que pudieran llevar causa de:<\/p>\n<ul>\n<li>La falta de disponibilidad, mantenimiento y efectivo funcionamiento de la web, o de sus servicios y contenidos;<\/li>\n<li>La existencia de malware, programas maliciosos o lesivos en los contenidos;<\/li>\n<li>El uso il\u00edcito, negligente, fraudulento o contrario a este Aviso Legal;<\/li>\n<li>La falta de licitud, calidad, fiabilidad, utilidad y disponibilidad de los servicios prestados por terceros y puestos a disposici\u00f3n de los usuarios en el sitio web.<\/li>\n<li>El prestamista no se hace responsable por ning\u00fan concepto de los da\u00f1os que pudieran dimanar del uso ilegal o indebido de la presente p\u00e1gina web.<\/li>\n<\/ul>\n<h4>&nbsp;<\/h4>\n<h4>Ley aplicable y jurisdicci\u00f3n<\/h4>\n<p>Con car\u00e1cter general, las relaciones entre Adri\u00e0 \u00d2scar Marqu\u00e8s Triay&nbsp; con los usuarios de sus servicios telem\u00e1ticos, presentes en esta web se encuentran sometidas a la legislaci\u00f3n y jurisdicci\u00f3n espa\u00f1olas y tribunales de MENORCA.<\/p>\n<h4>&nbsp;<\/h4>\n<h4>Contacto<\/h4>\n<p>En caso de que cualquier usuario tuviera alguna duda sobre estas Condiciones Legales, o cualquier comentario sobre el portal https:\/\/www.amarquesarquitectura.com\/, por favor dir\u00edjase a adriamarquestriay@gmail.com<\/p>\t\t\t\t\t\t\t\t<\/div>\n\t\t\t\t<\/div>\n\t\t\t\t\t<\/div>\n\t\t\t\t<\/div>\n\t\t\t\t<\/div>\n\t\t","protected":false},"excerpt":{"rendered":"<p>POL\u00cdTICA DE PRIVACIDAD Datos del Responsable de esta web Identidad del Responsable:&nbsp; Adri\u00e0 \u00d2scar Marqu\u00e8s Triay NIF\/CIF:&nbsp; 41745851T Direcci\u00f3n: Calle San Antonio M\u00aa Claret, 88, PB, Ciudadela de Menorca, 07760, Islas Baleares Correo electr\u00f3nico:&nbsp; adriamarquestriay@gmail.com En este espacio, el usuario podr\u00e1 encontrar toda la informaci\u00f3n relativa a los t\u00e9rminos y condiciones legales que definen las [&hellip;]<\/p>\n","protected":false},"author":1,"featured_media":0,"parent":0,"menu_order":0,"comment_status":"closed","ping_status":"closed","template":"","meta":{"_acf_changed":false,"footnotes":""},"class_list":["post-1594","page","type-page","status-publish","hentry"],"acf":[],"yoast_head":"<!-- This site is optimized with the Yoast SEO plugin v27.4 - https:\/\/yoast.com\/product\/yoast-seo-wordpress\/ -->\n<title>Aviso legal - Adri\u00e0 Marqu\u00e8s arquitectura<\/title>\n<meta name=\"robots\" content=\"index, follow, max-snippet:-1, max-image-preview:large, max-video-preview:-1\" \/>\n<link rel=\"canonical\" href=\"https:\/\/www.amarquesarquitectura.com\/es\/aviso-legal\/\" \/>\n<meta property=\"og:locale\" content=\"es_ES\" \/>\n<meta property=\"og:type\" content=\"article\" \/>\n<meta property=\"og:title\" content=\"Aviso legal - Adri\u00e0 Marqu\u00e8s arquitectura\" \/>\n<meta property=\"og:description\" content=\"POL\u00cdTICA DE PRIVACIDAD Datos del Responsable de esta web Identidad del Responsable:&nbsp; Adri\u00e0 \u00d2scar Marqu\u00e8s Triay NIF\/CIF:&nbsp; 41745851T Direcci\u00f3n: Calle San Antonio M\u00aa Claret, 88, PB, Ciudadela de Menorca, 07760, Islas Baleares Correo electr\u00f3nico:&nbsp; adriamarquestriay@gmail.com En este espacio, el usuario podr\u00e1 encontrar toda la informaci\u00f3n relativa a los t\u00e9rminos y condiciones legales que definen las [&hellip;]\" \/>\n<meta property=\"og:url\" content=\"https:\/\/www.amarquesarquitectura.com\/es\/aviso-legal\/\" \/>\n<meta property=\"og:site_name\" content=\"Adri\u00e0 Marqu\u00e8s arquitectura\" \/>\n<meta property=\"article:modified_time\" content=\"2024-12-12T15:57:38+00:00\" \/>\n<meta name=\"twitter:card\" content=\"summary_large_image\" \/>\n<meta name=\"twitter:label1\" content=\"Tiempo de lectura\" \/>\n\t<meta name=\"twitter:data1\" content=\"7 minutos\" \/>\n<script type=\"application\/ld+json\" class=\"yoast-schema-graph\">{\"@context\":\"https:\\\/\\\/schema.org\",\"@graph\":[{\"@type\":\"WebPage\",\"@id\":\"https:\\\/\\\/www.amarquesarquitectura.com\\\/es\\\/aviso-legal\\\/\",\"url\":\"https:\\\/\\\/www.amarquesarquitectura.com\\\/es\\\/aviso-legal\\\/\",\"name\":\"Aviso legal - Adri\u00e0 Marqu\u00e8s arquitectura\",\"isPartOf\":{\"@id\":\"https:\\\/\\\/amarquesarquitectura.com\\\/#website\"},\"datePublished\":\"2024-12-12T11:19:34+00:00\",\"dateModified\":\"2024-12-12T15:57:38+00:00\",\"breadcrumb\":{\"@id\":\"https:\\\/\\\/www.amarquesarquitectura.com\\\/es\\\/aviso-legal\\\/#breadcrumb\"},\"inLanguage\":\"es\",\"potentialAction\":[{\"@type\":\"ReadAction\",\"target\":[\"https:\\\/\\\/www.amarquesarquitectura.com\\\/es\\\/aviso-legal\\\/\"]}]},{\"@type\":\"BreadcrumbList\",\"@id\":\"https:\\\/\\\/www.amarquesarquitectura.com\\\/es\\\/aviso-legal\\\/#breadcrumb\",\"itemListElement\":[{\"@type\":\"ListItem\",\"position\":1,\"name\":\"Inici\",\"item\":\"https:\\\/\\\/www.amarquesarquitectura.com\\\/es\\\/adria-marques-arquitecto\\\/\"},{\"@type\":\"ListItem\",\"position\":2,\"name\":\"Aviso legal\"}]},{\"@type\":\"WebSite\",\"@id\":\"https:\\\/\\\/amarquesarquitectura.com\\\/#website\",\"url\":\"https:\\\/\\\/amarquesarquitectura.com\\\/\",\"name\":\"Adri\u00e0 Marqu\u00e8s arquitectura\",\"description\":\"Arquitecte\",\"publisher\":{\"@id\":\"https:\\\/\\\/amarquesarquitectura.com\\\/#organization\"},\"potentialAction\":[{\"@type\":\"SearchAction\",\"target\":{\"@type\":\"EntryPoint\",\"urlTemplate\":\"https:\\\/\\\/amarquesarquitectura.com\\\/?s={search_term_string}\"},\"query-input\":{\"@type\":\"PropertyValueSpecification\",\"valueRequired\":true,\"valueName\":\"search_term_string\"}}],\"inLanguage\":\"es\"},{\"@type\":\"Organization\",\"@id\":\"https:\\\/\\\/amarquesarquitectura.com\\\/#organization\",\"name\":\"Adri\u00e0 Marqu\u00e8s arquitectura\",\"url\":\"https:\\\/\\\/amarquesarquitectura.com\\\/\",\"logo\":{\"@type\":\"ImageObject\",\"inLanguage\":\"es\",\"@id\":\"https:\\\/\\\/amarquesarquitectura.com\\\/#\\\/schema\\\/logo\\\/image\\\/\",\"url\":\"https:\\\/\\\/www.amarquesarquitectura.com\\\/wp-content\\\/uploads\\\/am-arquitecte.svg\",\"contentUrl\":\"https:\\\/\\\/www.amarquesarquitectura.com\\\/wp-content\\\/uploads\\\/am-arquitecte.svg\",\"width\":587,\"height\":140,\"caption\":\"Adri\u00e0 Marqu\u00e8s arquitectura\"},\"image\":{\"@id\":\"https:\\\/\\\/amarquesarquitectura.com\\\/#\\\/schema\\\/logo\\\/image\\\/\"}}]}<\/script>\n<!-- \/ Yoast SEO plugin. -->","yoast_head_json":{"title":"Aviso legal - Adri\u00e0 Marqu\u00e8s arquitectura","robots":{"index":"index","follow":"follow","max-snippet":"max-snippet:-1","max-image-preview":"max-image-preview:large","max-video-preview":"max-video-preview:-1"},"canonical":"https:\/\/www.amarquesarquitectura.com\/es\/aviso-legal\/","og_locale":"es_ES","og_type":"article","og_title":"Aviso legal - Adri\u00e0 Marqu\u00e8s arquitectura","og_description":"POL\u00cdTICA DE PRIVACIDAD Datos del Responsable de esta web Identidad del Responsable:&nbsp; Adri\u00e0 \u00d2scar Marqu\u00e8s Triay NIF\/CIF:&nbsp; 41745851T Direcci\u00f3n: Calle San Antonio M\u00aa Claret, 88, PB, Ciudadela de Menorca, 07760, Islas Baleares Correo electr\u00f3nico:&nbsp; adriamarquestriay@gmail.com En este espacio, el usuario podr\u00e1 encontrar toda la informaci\u00f3n relativa a los t\u00e9rminos y condiciones legales que definen las [&hellip;]","og_url":"https:\/\/www.amarquesarquitectura.com\/es\/aviso-legal\/","og_site_name":"Adri\u00e0 Marqu\u00e8s arquitectura","article_modified_time":"2024-12-12T15:57:38+00:00","twitter_card":"summary_large_image","twitter_misc":{"Tiempo de lectura":"7 minutos"},"schema":{"@context":"https:\/\/schema.org","@graph":[{"@type":"WebPage","@id":"https:\/\/www.amarquesarquitectura.com\/es\/aviso-legal\/","url":"https:\/\/www.amarquesarquitectura.com\/es\/aviso-legal\/","name":"Aviso legal - Adri\u00e0 Marqu\u00e8s arquitectura","isPartOf":{"@id":"https:\/\/amarquesarquitectura.com\/#website"},"datePublished":"2024-12-12T11:19:34+00:00","dateModified":"2024-12-12T15:57:38+00:00","breadcrumb":{"@id":"https:\/\/www.amarquesarquitectura.com\/es\/aviso-legal\/#breadcrumb"},"inLanguage":"es","potentialAction":[{"@type":"ReadAction","target":["https:\/\/www.amarquesarquitectura.com\/es\/aviso-legal\/"]}]},{"@type":"BreadcrumbList","@id":"https:\/\/www.amarquesarquitectura.com\/es\/aviso-legal\/#breadcrumb","itemListElement":[{"@type":"ListItem","position":1,"name":"Inici","item":"https:\/\/www.amarquesarquitectura.com\/es\/adria-marques-arquitecto\/"},{"@type":"ListItem","position":2,"name":"Aviso legal"}]},{"@type":"WebSite","@id":"https:\/\/amarquesarquitectura.com\/#website","url":"https:\/\/amarquesarquitectura.com\/","name":"Adri\u00e0 Marqu\u00e8s arquitectura","description":"Arquitecte","publisher":{"@id":"https:\/\/amarquesarquitectura.com\/#organization"},"potentialAction":[{"@type":"SearchAction","target":{"@type":"EntryPoint","urlTemplate":"https:\/\/amarquesarquitectura.com\/?s={search_term_string}"},"query-input":{"@type":"PropertyValueSpecification","valueRequired":true,"valueName":"search_term_string"}}],"inLanguage":"es"},{"@type":"Organization","@id":"https:\/\/amarquesarquitectura.com\/#organization","name":"Adri\u00e0 Marqu\u00e8s arquitectura","url":"https:\/\/amarquesarquitectura.com\/","logo":{"@type":"ImageObject","inLanguage":"es","@id":"https:\/\/amarquesarquitectura.com\/#\/schema\/logo\/image\/","url":"https:\/\/www.amarquesarquitectura.com\/wp-content\/uploads\/am-arquitecte.svg","contentUrl":"https:\/\/www.amarquesarquitectura.com\/wp-content\/uploads\/am-arquitecte.svg","width":587,"height":140,"caption":"Adri\u00e0 Marqu\u00e8s arquitectura"},"image":{"@id":"https:\/\/amarquesarquitectura.com\/#\/schema\/logo\/image\/"}}]}},"_links":{"self":[{"href":"https:\/\/www.amarquesarquitectura.com\/es\/wp-json\/wp\/v2\/pages\/1594","targetHints":{"allow":["GET"]}}],"collection":[{"href":"https:\/\/www.amarquesarquitectura.com\/es\/wp-json\/wp\/v2\/pages"}],"about":[{"href":"https:\/\/www.amarquesarquitectura.com\/es\/wp-json\/wp\/v2\/types\/page"}],"author":[{"embeddable":true,"href":"https:\/\/www.amarquesarquitectura.com\/es\/wp-json\/wp\/v2\/users\/1"}],"replies":[{"embeddable":true,"href":"https:\/\/www.amarquesarquitectura.com\/es\/wp-json\/wp\/v2\/comments?post=1594"}],"version-history":[{"count":0,"href":"https:\/\/www.amarquesarquitectura.com\/es\/wp-json\/wp\/v2\/pages\/1594\/revisions"}],"wp:attachment":[{"href":"https:\/\/www.amarquesarquitectura.com\/es\/wp-json\/wp\/v2\/media?parent=1594"}],"curies":[{"name":"wp","href":"https:\/\/api.w.org\/{rel}","templated":true}]}}