{"id":1588,"date":"2024-11-26T11:06:59","date_gmt":"2024-11-26T11:06:59","guid":{"rendered":"https:\/\/amarquesarquitectura.com\/\/info\/"},"modified":"2025-12-05T08:27:52","modified_gmt":"2025-12-05T08:27:52","slug":"info","status":"publish","type":"page","link":"https:\/\/www.amarquesarquitectura.com\/es\/info\/","title":{"rendered":"Info"},"content":{"rendered":"\t\t<div data-elementor-type=\"wp-page\" data-elementor-id=\"1588\" class=\"elementor elementor-1588 elementor-30\" data-elementor-post-type=\"page\">\n\t\t\t\t<div class=\"elementor-element elementor-element-f1abafc e-flex e-con-boxed e-con e-parent\" data-id=\"f1abafc\" data-element_type=\"container\" data-e-type=\"container\">\n\t\t\t\t\t<div class=\"e-con-inner\">\n\t\t<div class=\"elementor-element elementor-element-cbe76c2 e-con-full e-flex e-con e-child\" data-id=\"cbe76c2\" data-element_type=\"container\" data-e-type=\"container\" data-settings=\"{&quot;sticky&quot;:&quot;top&quot;,&quot;sticky_parent&quot;:&quot;yes&quot;,&quot;sticky_offset&quot;:80,&quot;sticky_on&quot;:[&quot;widescreen&quot;,&quot;desktop&quot;,&quot;tablet&quot;],&quot;sticky_effects_offset&quot;:0,&quot;sticky_anchor_link_offset&quot;:0}\">\n\t\t\t\t<div class=\"elementor-element elementor-element-0d81c4e dce_masking-none elementor-widget elementor-widget-image\" data-id=\"0d81c4e\" data-element_type=\"widget\" data-e-type=\"widget\" data-widget_type=\"image.default\">\n\t\t\t\t<div class=\"elementor-widget-container\">\n\t\t\t\t\t\t\t\t\t\t\t\t\t\t\t<img fetchpriority=\"high\" decoding=\"async\" width=\"641\" height=\"1024\" src=\"https:\/\/www.amarquesarquitectura.com\/wp-content\/uploads\/adria_marques-641x1024.webp\" class=\"attachment-large size-large wp-image-1544\" alt=\"\" srcset=\"https:\/\/www.amarquesarquitectura.com\/wp-content\/uploads\/adria_marques-641x1024.webp 641w, https:\/\/www.amarquesarquitectura.com\/wp-content\/uploads\/adria_marques-188x300.webp 188w, https:\/\/www.amarquesarquitectura.com\/wp-content\/uploads\/adria_marques-768x1226.webp 768w, https:\/\/www.amarquesarquitectura.com\/wp-content\/uploads\/adria_marques.webp 900w\" sizes=\"(max-width: 641px) 100vw, 641px\" \/>\t\t\t\t\t\t\t\t\t\t\t\t\t\t\t<\/div>\n\t\t\t\t<\/div>\n\t\t\t\t<div class=\"elementor-element elementor-element-6085303 elementor-widget elementor-widget-heading\" data-id=\"6085303\" data-element_type=\"widget\" data-e-type=\"widget\" data-widget_type=\"heading.default\">\n\t\t\t\t<div class=\"elementor-widget-container\">\n\t\t\t\t\t<h3 class=\"elementor-heading-title elementor-size-default\">CONTACTO<\/h3>\t\t\t\t<\/div>\n\t\t\t\t<\/div>\n\t\t\t\t<div class=\"elementor-element elementor-element-b9724ad elementor-position-inline-start elementor-view-default elementor-mobile-position-block-start elementor-widget elementor-widget-icon-box\" data-id=\"b9724ad\" data-element_type=\"widget\" data-e-type=\"widget\" data-widget_type=\"icon-box.default\">\n\t\t\t\t<div class=\"elementor-widget-container\">\n\t\t\t\t\t\t\t<div class=\"elementor-icon-box-wrapper\">\n\n\t\t\t\t\t\t<div class=\"elementor-icon-box-icon\">\n\t\t\t\t<a href=\"mailto:marquestriay.adria@gmail.com\" class=\"elementor-icon\" tabindex=\"-1\" aria-label=\"marquestriay.adria@gmail.com\">\n\t\t\t\t<svg aria-hidden=\"true\" class=\"e-font-icon-svg e-far-envelope\" viewBox=\"0 0 512 512\" xmlns=\"http:\/\/www.w3.org\/2000\/svg\"><path d=\"M464 64H48C21.49 64 0 85.49 0 112v288c0 26.51 21.49 48 48 48h416c26.51 0 48-21.49 48-48V112c0-26.51-21.49-48-48-48zm0 48v40.805c-22.422 18.259-58.168 46.651-134.587 106.49-16.841 13.247-50.201 45.072-73.413 44.701-23.208.375-56.579-31.459-73.413-44.701C106.18 199.465 70.425 171.067 48 152.805V112h416zM48 400V214.398c22.914 18.251 55.409 43.862 104.938 82.646 21.857 17.205 60.134 55.186 103.062 54.955 42.717.231 80.509-37.199 103.053-54.947 49.528-38.783 82.032-64.401 104.947-82.653V400H48z\"><\/path><\/svg>\t\t\t\t<\/a>\n\t\t\t<\/div>\n\t\t\t\n\t\t\t\t\t\t<div class=\"elementor-icon-box-content\">\n\n\t\t\t\t\t\t\t\t\t<p class=\"elementor-icon-box-title\">\n\t\t\t\t\t\t<a href=\"mailto:marquestriay.adria@gmail.com\" >\n\t\t\t\t\t\t\tmarquestriay.adria@gmail.com\t\t\t\t\t\t<\/a>\n\t\t\t\t\t<\/p>\n\t\t\t\t\n\t\t\t\t\n\t\t\t<\/div>\n\t\t\t\n\t\t<\/div>\n\t\t\t\t\t\t<\/div>\n\t\t\t\t<\/div>\n\t\t\t\t<div class=\"elementor-element elementor-element-cdbe625 elementor-position-inline-start elementor-view-default elementor-mobile-position-block-start elementor-widget elementor-widget-icon-box\" data-id=\"cdbe625\" data-element_type=\"widget\" data-e-type=\"widget\" data-widget_type=\"icon-box.default\">\n\t\t\t\t<div class=\"elementor-widget-container\">\n\t\t\t\t\t\t\t<div class=\"elementor-icon-box-wrapper\">\n\n\t\t\t\t\t\t<div class=\"elementor-icon-box-icon\">\n\t\t\t\t<a href=\"tel:+34616496079\" class=\"elementor-icon\" tabindex=\"-1\" aria-label=\"616.49.60.79\">\n\t\t\t\t<svg aria-hidden=\"true\" class=\"e-font-icon-svg e-fas-mobile-alt\" viewBox=\"0 0 320 512\" xmlns=\"http:\/\/www.w3.org\/2000\/svg\"><path d=\"M272 0H48C21.5 0 0 21.5 0 48v416c0 26.5 21.5 48 48 48h224c26.5 0 48-21.5 48-48V48c0-26.5-21.5-48-48-48zM160 480c-17.7 0-32-14.3-32-32s14.3-32 32-32 32 14.3 32 32-14.3 32-32 32zm112-108c0 6.6-5.4 12-12 12H60c-6.6 0-12-5.4-12-12V60c0-6.6 5.4-12 12-12h200c6.6 0 12 5.4 12 12v312z\"><\/path><\/svg>\t\t\t\t<\/a>\n\t\t\t<\/div>\n\t\t\t\n\t\t\t\t\t\t<div class=\"elementor-icon-box-content\">\n\n\t\t\t\t\t\t\t\t\t<p class=\"elementor-icon-box-title\">\n\t\t\t\t\t\t<a href=\"tel:+34616496079\" >\n\t\t\t\t\t\t\t616.49.60.79\t\t\t\t\t\t<\/a>\n\t\t\t\t\t<\/p>\n\t\t\t\t\n\t\t\t\t\n\t\t\t<\/div>\n\t\t\t\n\t\t<\/div>\n\t\t\t\t\t\t<\/div>\n\t\t\t\t<\/div>\n\t\t\t\t<div class=\"elementor-element elementor-element-874e83e elementor-position-inline-start elementor-view-default elementor-mobile-position-block-start elementor-widget elementor-widget-icon-box\" data-id=\"874e83e\" data-element_type=\"widget\" data-e-type=\"widget\" data-widget_type=\"icon-box.default\">\n\t\t\t\t<div class=\"elementor-widget-container\">\n\t\t\t\t\t\t\t<div class=\"elementor-icon-box-wrapper\">\n\n\t\t\t\t\t\t<div class=\"elementor-icon-box-icon\">\n\t\t\t\t<a href=\"https:\/\/www.instagram.com\/adrian7.pt\/\" class=\"elementor-icon\" tabindex=\"-1\" aria-label=\"@adriam7\">\n\t\t\t\t<svg aria-hidden=\"true\" class=\"e-font-icon-svg e-fab-instagram\" viewBox=\"0 0 448 512\" xmlns=\"http:\/\/www.w3.org\/2000\/svg\"><path d=\"M224.1 141c-63.6 0-114.9 51.3-114.9 114.9s51.3 114.9 114.9 114.9S339 319.5 339 255.9 287.7 141 224.1 141zm0 189.6c-41.1 0-74.7-33.5-74.7-74.7s33.5-74.7 74.7-74.7 74.7 33.5 74.7 74.7-33.6 74.7-74.7 74.7zm146.4-194.3c0 14.9-12 26.8-26.8 26.8-14.9 0-26.8-12-26.8-26.8s12-26.8 26.8-26.8 26.8 12 26.8 26.8zm76.1 27.2c-1.7-35.9-9.9-67.7-36.2-93.9-26.2-26.2-58-34.4-93.9-36.2-37-2.1-147.9-2.1-184.9 0-35.8 1.7-67.6 9.9-93.9 36.1s-34.4 58-36.2 93.9c-2.1 37-2.1 147.9 0 184.9 1.7 35.9 9.9 67.7 36.2 93.9s58 34.4 93.9 36.2c37 2.1 147.9 2.1 184.9 0 35.9-1.7 67.7-9.9 93.9-36.2 26.2-26.2 34.4-58 36.2-93.9 2.1-37 2.1-147.8 0-184.8zM398.8 388c-7.8 19.6-22.9 34.7-42.6 42.6-29.5 11.7-99.5 9-132.1 9s-102.7 2.6-132.1-9c-19.6-7.8-34.7-22.9-42.6-42.6-11.7-29.5-9-99.5-9-132.1s-2.6-102.7 9-132.1c7.8-19.6 22.9-34.7 42.6-42.6 29.5-11.7 99.5-9 132.1-9s102.7-2.6 132.1 9c19.6 7.8 34.7 22.9 42.6 42.6 11.7 29.5 9 99.5 9 132.1s2.7 102.7-9 132.1z\"><\/path><\/svg>\t\t\t\t<\/a>\n\t\t\t<\/div>\n\t\t\t\n\t\t\t\t\t\t<div class=\"elementor-icon-box-content\">\n\n\t\t\t\t\t\t\t\t\t<p class=\"elementor-icon-box-title\">\n\t\t\t\t\t\t<a href=\"https:\/\/www.instagram.com\/adrian7.pt\/\" >\n\t\t\t\t\t\t\t@adriam7\t\t\t\t\t\t<\/a>\n\t\t\t\t\t<\/p>\n\t\t\t\t\n\t\t\t\t\n\t\t\t<\/div>\n\t\t\t\n\t\t<\/div>\n\t\t\t\t\t\t<\/div>\n\t\t\t\t<\/div>\n\t\t\t\t<\/div>\n\t\t<div class=\"elementor-element elementor-element-e68a7db e-con-full e-flex e-con e-child\" data-id=\"e68a7db\" data-element_type=\"container\" data-e-type=\"container\">\n\t\t\t\t<div class=\"elementor-element elementor-element-7bf6726 elementor-widget elementor-widget-heading\" data-id=\"7bf6726\" data-element_type=\"widget\" data-e-type=\"widget\" data-widget_type=\"heading.default\">\n\t\t\t\t<div class=\"elementor-widget-container\">\n\t\t\t\t\t<h2 class=\"elementor-heading-title elementor-size-default\">ADRI\u00c0 MARQU\u00c8S TRIAY<\/h2>\t\t\t\t<\/div>\n\t\t\t\t<\/div>\n\t\t\t\t<div class=\"elementor-element elementor-element-fdcf0c1 elementor-widget elementor-widget-text-editor\" data-id=\"fdcf0c1\" data-element_type=\"widget\" data-e-type=\"widget\" data-widget_type=\"text-editor.default\">\n\t\t\t\t<div class=\"elementor-widget-container\">\n\t\t\t\t\t\t\t\t\t<p class=\"p2\">Arquitecto aut\u00f3nomo con el objetivo de explorar y conocer mejor el sector de la arquitectura y la edificaci\u00f3n.<\/p><p class=\"p3\">Durante los \u00faltimos a\u00f1os he participado en diferentes \u00e1mbitos relacionados con la arquitectura, desde trabajos en obra hasta la redacci\u00f3n de proyectos.<\/p>\t\t\t\t\t\t\t\t<\/div>\n\t\t\t\t<\/div>\n\t\t\t\t<div data-dce-background-color=\"#FFFFFF\" class=\"elementor-element elementor-element-19f96f4 elementor-align-left elementor-widget elementor-widget-button\" data-id=\"19f96f4\" data-element_type=\"widget\" data-e-type=\"widget\" data-widget_type=\"button.default\">\n\t\t\t\t<div class=\"elementor-widget-container\">\n\t\t\t\t\t\t\t\t\t<div class=\"elementor-button-wrapper\">\n\t\t\t\t\t<a class=\"elementor-button elementor-button-link elementor-size-sm\" href=\"https:\/\/www.amarquesarquitectura.com\/es\/servicios\/\">\n\t\t\t\t\t\t<span class=\"elementor-button-content-wrapper\">\n\t\t\t\t\t\t<span class=\"elementor-button-icon\">\n\t\t\t\t<svg xmlns=\"http:\/\/www.w3.org\/2000\/svg\" id=\"arrow-circle-down\" viewBox=\"0 0 24 24\" width=\"512\" height=\"512\"><path d=\"M24,11.5H2.207L7.854,5.854l-.707-.707L1,11.293V5H0v14H1v-6.293l6.146,6.146,.707-.707L2.207,12.5H24v-1Z\"><\/path><\/svg>\t\t\t<\/span>\n\t\t\t\t\t\t\t\t\t<span class=\"elementor-button-text\">Descubre mis servicios<\/span>\n\t\t\t\t\t<\/span>\n\t\t\t\t\t<\/a>\n\t\t\t\t<\/div>\n\t\t\t\t\t\t\t\t<\/div>\n\t\t\t\t<\/div>\n\t\t\t\t<div class=\"elementor-element elementor-element-4bc3501 elementor-widget elementor-widget-heading\" data-id=\"4bc3501\" data-element_type=\"widget\" data-e-type=\"widget\" data-widget_type=\"heading.default\">\n\t\t\t\t<div class=\"elementor-widget-container\">\n\t\t\t\t\t<h3 class=\"elementor-heading-title elementor-size-default\">EXPERIENCIA PROFESIONAL<\/h3>\t\t\t\t<\/div>\n\t\t\t\t<\/div>\n\t\t\t\t<div class=\"elementor-element elementor-element-f7ae91e elementor-widget elementor-widget-text-editor\" data-id=\"f7ae91e\" data-element_type=\"widget\" data-e-type=\"widget\" data-widget_type=\"text-editor.default\">\n\t\t\t\t<div class=\"elementor-widget-container\">\n\t\t\t\t\t\t\t\t\t<p class=\"p2\"><b>Arquitecto aut\u00f3nomo<\/b><\/p>\n<p class=\"p3\">Septiembre 2022 &#8211; actual<\/p>\n\n<ul>\n \t<li class=\"p4\">Direcci\u00f3n de obra de una vivienda unifamiliar aislada en la calle Merc\u00e8 Rodoreda, Sant Pol de Mar<\/li>\n \t<li class=\"p4\">Redacci\u00f3n de proyecto b\u00e1sico y de ejecuci\u00f3n de dos viviendas unifamiliares en Canet de Mar<\/li>\n \t<li class=\"p4\">Colaboraci\u00f3n en la realizaci\u00f3n de documentos AsBuilt &#8211; Construc\u00eda Instalaciones<\/li>\n \t<li class=\"p4\">Colaboraci\u00f3n en la redacci\u00f3n de proyecto de rehabilitaci\u00f3n de edificios de vivienda y hospitales &#8211; Algar&amp;Ar\u00f3s<\/li>\n \t<li class=\"p4\">Participaci\u00f3n en el concurso para la rehabilitaci\u00f3n de la casa Tosquella como equipamiento p\u00fablico en Barcelona &#8211; BIMSA<\/li>\n \t<li class=\"p5\">Participaci\u00f3n en el concurso de 16 viviendas plurifamiliares y un equipamiento p\u00fablico en Matar\u00f3 &#8211; Ayuntamiento de Matar\u00f3<\/li>\n<\/ul>\n<p class=\"p7\"><b>UPC &#8211; Grupo investigaci\u00f3n HABITAR (N\u00faria Salvad\u00f3)<\/b><b><\/b><\/p>\n<p class=\"p8\">Enero 2021 &#8211; Septiembre 2022<\/p>\n\n<ul>\n \t<li class=\"p9\">Colaboraci\u00f3n en la redacci\u00f3n de proyectos de arquitectura, desde anteproyecto hasta proyectos de ejecuci\u00f3n.<\/li>\n \t<li class=\"p4\">Proyecto de ejecuci\u00f3n de un molino de aceite en La Selva del Camp<\/li>\n \t<li class=\"p4\">Proyecto b\u00e1sico y de ejecuci\u00f3n de una vivienda unifamiliar en Almoster<\/li>\n \t<li class=\"p4\">Proyecto b\u00e1sico y de ejecuci\u00f3n de una vivienda unifamiliar en Montbri\u00f3 del Camp<\/li>\n \t<li class=\"p4\">Proyecto de reforma de un local comercial en Reus por la implementaci\u00f3n de una tienda de ropa<\/li>\n \t<li class=\"p5\">Redacci\u00f3n de anteproyecto de dos edificios de viviendas plurifamiliares en Cambrils<\/li>\n<\/ul>\n<p class=\"p7\"><b>MASALA Consultores<\/b> (pr\u00e1cticas ETSAV)<\/p>\n<p class=\"p8\">Septiembre 2017 &#8211; Enero 2020<\/p>\n\n<ul>\n \t<li class=\"p10\">Colaboraci\u00f3n en la redacci\u00f3n de proyectos b\u00e1sicos y de ejecuci\u00f3n en el \u00e1mbito de estructuras: viviendas unifamiliares, bloques de viviendas plurifamiliares, reformas de edificios patrimoniales, etc.<\/li>\n \t<li class=\"p11\">Elaboraci\u00f3n de documentaci\u00f3n gr\u00e1fica, tanto general como detalle y realizaci\u00f3n de c\u00e1lculos.<\/li>\n<\/ul>\t\t\t\t\t\t\t\t<\/div>\n\t\t\t\t<\/div>\n\t\t\t\t<\/div>\n\t\t\t\t\t<\/div>\n\t\t\t\t<\/div>\n\t\t\t\t<\/div>\n\t\t","protected":false},"excerpt":{"rendered":"<p>CONTACTO marquestriay.adria@gmail.com 616.49.60.79 @adriam7 ADRI\u00c0 MARQU\u00c8S TRIAY Arquitecto aut\u00f3nomo con el objetivo de explorar y conocer mejor el sector de la arquitectura y la edificaci\u00f3n. Durante los \u00faltimos a\u00f1os he participado en diferentes \u00e1mbitos relacionados con la arquitectura, desde trabajos en obra hasta la redacci\u00f3n de proyectos. Descubre mis servicios EXPERIENCIA PROFESIONAL Arquitecto aut\u00f3nomo Septiembre [&hellip;]<\/p>\n","protected":false},"author":1,"featured_media":0,"parent":0,"menu_order":0,"comment_status":"closed","ping_status":"closed","template":"","meta":{"_acf_changed":false,"footnotes":""},"class_list":["post-1588","page","type-page","status-publish","hentry"],"acf":[],"yoast_head":"<!-- This site is optimized with the Yoast SEO plugin v27.4 - https:\/\/yoast.com\/product\/yoast-seo-wordpress\/ -->\n<title>Arquitecto aut\u00f3nomo - Adri\u00e0 Marqu\u00e8s arquitectura<\/title>\n<meta name=\"description\" content=\"Arquitecto aut\u00f3nomo con el objetivo de explorar y conocer mejor el sector de la arquitectura y la edificaci\u00f3n.\" \/>\n<meta name=\"robots\" content=\"index, follow, max-snippet:-1, max-image-preview:large, max-video-preview:-1\" \/>\n<link rel=\"canonical\" href=\"https:\/\/www.amarquesarquitectura.com\/es\/info\/\" \/>\n<meta property=\"og:locale\" content=\"es_ES\" \/>\n<meta property=\"og:type\" content=\"article\" \/>\n<meta property=\"og:title\" content=\"Arquitecto aut\u00f3nomo - Adri\u00e0 Marqu\u00e8s arquitectura\" \/>\n<meta property=\"og:description\" content=\"Arquitecto aut\u00f3nomo con el objetivo de explorar y conocer mejor el sector de la arquitectura y la edificaci\u00f3n.\" \/>\n<meta property=\"og:url\" content=\"https:\/\/www.amarquesarquitectura.com\/es\/info\/\" \/>\n<meta property=\"og:site_name\" content=\"Adri\u00e0 Marqu\u00e8s arquitectura\" \/>\n<meta property=\"article:modified_time\" content=\"2025-12-05T08:27:52+00:00\" \/>\n<meta property=\"og:image\" content=\"https:\/\/www.amarquesarquitectura.com\/wp-content\/uploads\/adria_marques.webp\" \/>\n\t<meta property=\"og:image:width\" content=\"900\" \/>\n\t<meta property=\"og:image:height\" content=\"1437\" \/>\n\t<meta property=\"og:image:type\" content=\"image\/webp\" \/>\n<meta name=\"twitter:card\" content=\"summary_large_image\" \/>\n<meta name=\"twitter:label1\" content=\"Tiempo de lectura\" \/>\n\t<meta name=\"twitter:data1\" content=\"2 minutos\" \/>\n<script type=\"application\/ld+json\" class=\"yoast-schema-graph\">{\"@context\":\"https:\\\/\\\/schema.org\",\"@graph\":[{\"@type\":\"WebPage\",\"@id\":\"https:\\\/\\\/www.amarquesarquitectura.com\\\/es\\\/info\\\/\",\"url\":\"https:\\\/\\\/www.amarquesarquitectura.com\\\/es\\\/info\\\/\",\"name\":\"Arquitecto aut\u00f3nomo - Adri\u00e0 Marqu\u00e8s arquitectura\",\"isPartOf\":{\"@id\":\"https:\\\/\\\/amarquesarquitectura.com\\\/#website\"},\"primaryImageOfPage\":{\"@id\":\"https:\\\/\\\/www.amarquesarquitectura.com\\\/es\\\/info\\\/#primaryimage\"},\"image\":{\"@id\":\"https:\\\/\\\/www.amarquesarquitectura.com\\\/es\\\/info\\\/#primaryimage\"},\"thumbnailUrl\":\"https:\\\/\\\/www.amarquesarquitectura.com\\\/wp-content\\\/uploads\\\/adria_marques-641x1024.webp\",\"datePublished\":\"2024-11-26T11:06:59+00:00\",\"dateModified\":\"2025-12-05T08:27:52+00:00\",\"description\":\"Arquitecto aut\u00f3nomo con el objetivo de explorar y conocer mejor el sector de la arquitectura y la edificaci\u00f3n.\",\"breadcrumb\":{\"@id\":\"https:\\\/\\\/www.amarquesarquitectura.com\\\/es\\\/info\\\/#breadcrumb\"},\"inLanguage\":\"es\",\"potentialAction\":[{\"@type\":\"ReadAction\",\"target\":[\"https:\\\/\\\/www.amarquesarquitectura.com\\\/es\\\/info\\\/\"]}]},{\"@type\":\"ImageObject\",\"inLanguage\":\"es\",\"@id\":\"https:\\\/\\\/www.amarquesarquitectura.com\\\/es\\\/info\\\/#primaryimage\",\"url\":\"https:\\\/\\\/www.amarquesarquitectura.com\\\/wp-content\\\/uploads\\\/adria_marques-641x1024.webp\",\"contentUrl\":\"https:\\\/\\\/www.amarquesarquitectura.com\\\/wp-content\\\/uploads\\\/adria_marques-641x1024.webp\"},{\"@type\":\"BreadcrumbList\",\"@id\":\"https:\\\/\\\/www.amarquesarquitectura.com\\\/es\\\/info\\\/#breadcrumb\",\"itemListElement\":[{\"@type\":\"ListItem\",\"position\":1,\"name\":\"Inici\",\"item\":\"https:\\\/\\\/www.amarquesarquitectura.com\\\/es\\\/adria-marques-arquitecto\\\/\"},{\"@type\":\"ListItem\",\"position\":2,\"name\":\"Info\"}]},{\"@type\":\"WebSite\",\"@id\":\"https:\\\/\\\/amarquesarquitectura.com\\\/#website\",\"url\":\"https:\\\/\\\/amarquesarquitectura.com\\\/\",\"name\":\"Adri\u00e0 Marqu\u00e8s arquitectura\",\"description\":\"Arquitecte\",\"publisher\":{\"@id\":\"https:\\\/\\\/amarquesarquitectura.com\\\/#organization\"},\"potentialAction\":[{\"@type\":\"SearchAction\",\"target\":{\"@type\":\"EntryPoint\",\"urlTemplate\":\"https:\\\/\\\/amarquesarquitectura.com\\\/?s={search_term_string}\"},\"query-input\":{\"@type\":\"PropertyValueSpecification\",\"valueRequired\":true,\"valueName\":\"search_term_string\"}}],\"inLanguage\":\"es\"},{\"@type\":\"Organization\",\"@id\":\"https:\\\/\\\/amarquesarquitectura.com\\\/#organization\",\"name\":\"Adri\u00e0 Marqu\u00e8s arquitectura\",\"url\":\"https:\\\/\\\/amarquesarquitectura.com\\\/\",\"logo\":{\"@type\":\"ImageObject\",\"inLanguage\":\"es\",\"@id\":\"https:\\\/\\\/amarquesarquitectura.com\\\/#\\\/schema\\\/logo\\\/image\\\/\",\"url\":\"https:\\\/\\\/www.amarquesarquitectura.com\\\/wp-content\\\/uploads\\\/am-arquitecte.svg\",\"contentUrl\":\"https:\\\/\\\/www.amarquesarquitectura.com\\\/wp-content\\\/uploads\\\/am-arquitecte.svg\",\"width\":587,\"height\":140,\"caption\":\"Adri\u00e0 Marqu\u00e8s arquitectura\"},\"image\":{\"@id\":\"https:\\\/\\\/amarquesarquitectura.com\\\/#\\\/schema\\\/logo\\\/image\\\/\"}}]}<\/script>\n<!-- \/ Yoast SEO plugin. -->","yoast_head_json":{"title":"Arquitecto aut\u00f3nomo - Adri\u00e0 Marqu\u00e8s arquitectura","description":"Arquitecto aut\u00f3nomo con el objetivo de explorar y conocer mejor el sector de la arquitectura y la edificaci\u00f3n.","robots":{"index":"index","follow":"follow","max-snippet":"max-snippet:-1","max-image-preview":"max-image-preview:large","max-video-preview":"max-video-preview:-1"},"canonical":"https:\/\/www.amarquesarquitectura.com\/es\/info\/","og_locale":"es_ES","og_type":"article","og_title":"Arquitecto aut\u00f3nomo - Adri\u00e0 Marqu\u00e8s arquitectura","og_description":"Arquitecto aut\u00f3nomo con el objetivo de explorar y conocer mejor el sector de la arquitectura y la edificaci\u00f3n.","og_url":"https:\/\/www.amarquesarquitectura.com\/es\/info\/","og_site_name":"Adri\u00e0 Marqu\u00e8s arquitectura","article_modified_time":"2025-12-05T08:27:52+00:00","og_image":[{"width":900,"height":1437,"url":"https:\/\/www.amarquesarquitectura.com\/wp-content\/uploads\/adria_marques.webp","type":"image\/webp"}],"twitter_card":"summary_large_image","twitter_misc":{"Tiempo de lectura":"2 minutos"},"schema":{"@context":"https:\/\/schema.org","@graph":[{"@type":"WebPage","@id":"https:\/\/www.amarquesarquitectura.com\/es\/info\/","url":"https:\/\/www.amarquesarquitectura.com\/es\/info\/","name":"Arquitecto aut\u00f3nomo - Adri\u00e0 Marqu\u00e8s arquitectura","isPartOf":{"@id":"https:\/\/amarquesarquitectura.com\/#website"},"primaryImageOfPage":{"@id":"https:\/\/www.amarquesarquitectura.com\/es\/info\/#primaryimage"},"image":{"@id":"https:\/\/www.amarquesarquitectura.com\/es\/info\/#primaryimage"},"thumbnailUrl":"https:\/\/www.amarquesarquitectura.com\/wp-content\/uploads\/adria_marques-641x1024.webp","datePublished":"2024-11-26T11:06:59+00:00","dateModified":"2025-12-05T08:27:52+00:00","description":"Arquitecto aut\u00f3nomo con el objetivo de explorar y conocer mejor el sector de la arquitectura y la edificaci\u00f3n.","breadcrumb":{"@id":"https:\/\/www.amarquesarquitectura.com\/es\/info\/#breadcrumb"},"inLanguage":"es","potentialAction":[{"@type":"ReadAction","target":["https:\/\/www.amarquesarquitectura.com\/es\/info\/"]}]},{"@type":"ImageObject","inLanguage":"es","@id":"https:\/\/www.amarquesarquitectura.com\/es\/info\/#primaryimage","url":"https:\/\/www.amarquesarquitectura.com\/wp-content\/uploads\/adria_marques-641x1024.webp","contentUrl":"https:\/\/www.amarquesarquitectura.com\/wp-content\/uploads\/adria_marques-641x1024.webp"},{"@type":"BreadcrumbList","@id":"https:\/\/www.amarquesarquitectura.com\/es\/info\/#breadcrumb","itemListElement":[{"@type":"ListItem","position":1,"name":"Inici","item":"https:\/\/www.amarquesarquitectura.com\/es\/adria-marques-arquitecto\/"},{"@type":"ListItem","position":2,"name":"Info"}]},{"@type":"WebSite","@id":"https:\/\/amarquesarquitectura.com\/#website","url":"https:\/\/amarquesarquitectura.com\/","name":"Adri\u00e0 Marqu\u00e8s arquitectura","description":"Arquitecte","publisher":{"@id":"https:\/\/amarquesarquitectura.com\/#organization"},"potentialAction":[{"@type":"SearchAction","target":{"@type":"EntryPoint","urlTemplate":"https:\/\/amarquesarquitectura.com\/?s={search_term_string}"},"query-input":{"@type":"PropertyValueSpecification","valueRequired":true,"valueName":"search_term_string"}}],"inLanguage":"es"},{"@type":"Organization","@id":"https:\/\/amarquesarquitectura.com\/#organization","name":"Adri\u00e0 Marqu\u00e8s arquitectura","url":"https:\/\/amarquesarquitectura.com\/","logo":{"@type":"ImageObject","inLanguage":"es","@id":"https:\/\/amarquesarquitectura.com\/#\/schema\/logo\/image\/","url":"https:\/\/www.amarquesarquitectura.com\/wp-content\/uploads\/am-arquitecte.svg","contentUrl":"https:\/\/www.amarquesarquitectura.com\/wp-content\/uploads\/am-arquitecte.svg","width":587,"height":140,"caption":"Adri\u00e0 Marqu\u00e8s arquitectura"},"image":{"@id":"https:\/\/amarquesarquitectura.com\/#\/schema\/logo\/image\/"}}]}},"_links":{"self":[{"href":"https:\/\/www.amarquesarquitectura.com\/es\/wp-json\/wp\/v2\/pages\/1588","targetHints":{"allow":["GET"]}}],"collection":[{"href":"https:\/\/www.amarquesarquitectura.com\/es\/wp-json\/wp\/v2\/pages"}],"about":[{"href":"https:\/\/www.amarquesarquitectura.com\/es\/wp-json\/wp\/v2\/types\/page"}],"author":[{"embeddable":true,"href":"https:\/\/www.amarquesarquitectura.com\/es\/wp-json\/wp\/v2\/users\/1"}],"replies":[{"embeddable":true,"href":"https:\/\/www.amarquesarquitectura.com\/es\/wp-json\/wp\/v2\/comments?post=1588"}],"version-history":[{"count":1,"href":"https:\/\/www.amarquesarquitectura.com\/es\/wp-json\/wp\/v2\/pages\/1588\/revisions"}],"predecessor-version":[{"id":1741,"href":"https:\/\/www.amarquesarquitectura.com\/es\/wp-json\/wp\/v2\/pages\/1588\/revisions\/1741"}],"wp:attachment":[{"href":"https:\/\/www.amarquesarquitectura.com\/es\/wp-json\/wp\/v2\/media?parent=1588"}],"curies":[{"name":"wp","href":"https:\/\/api.w.org\/{rel}","templated":true}]}}