{"id":1587,"date":"2024-11-26T11:07:16","date_gmt":"2024-11-26T11:07:16","guid":{"rendered":"https:\/\/amarquesarquitectura.com\/\/servicios\/"},"modified":"2025-12-05T08:23:20","modified_gmt":"2025-12-05T08:23:20","slug":"servicios","status":"publish","type":"page","link":"https:\/\/www.amarquesarquitectura.com\/es\/servicios\/","title":{"rendered":"Servicios"},"content":{"rendered":"\t\t<div data-elementor-type=\"wp-page\" data-elementor-id=\"1587\" class=\"elementor elementor-1587 elementor-32\" data-elementor-post-type=\"page\">\n\t\t\t\t<div class=\"elementor-element elementor-element-4f690e6 e-flex e-con-boxed e-con e-parent\" data-id=\"4f690e6\" data-element_type=\"container\" data-e-type=\"container\">\n\t\t\t\t\t<div class=\"e-con-inner\">\n\t\t<div class=\"elementor-element elementor-element-fd7983d e-con-full e-flex e-con e-child\" data-id=\"fd7983d\" data-element_type=\"container\" data-e-type=\"container\" data-settings=\"{&quot;sticky&quot;:&quot;top&quot;,&quot;sticky_parent&quot;:&quot;yes&quot;,&quot;sticky_offset&quot;:80,&quot;sticky_on&quot;:[&quot;widescreen&quot;,&quot;desktop&quot;,&quot;tablet&quot;],&quot;sticky_effects_offset&quot;:0,&quot;sticky_anchor_link_offset&quot;:0}\">\n\t\t\t\t<div class=\"elementor-element elementor-element-bad6ec1 dce_masking-none elementor-widget elementor-widget-image\" data-id=\"bad6ec1\" data-element_type=\"widget\" data-e-type=\"widget\" data-widget_type=\"image.default\">\n\t\t\t\t<div class=\"elementor-widget-container\">\n\t\t\t\t\t\t\t\t\t\t\t\t\t\t\t<img fetchpriority=\"high\" decoding=\"async\" width=\"641\" height=\"1024\" src=\"https:\/\/www.amarquesarquitectura.com\/wp-content\/uploads\/adria_marques-641x1024.webp\" class=\"attachment-large size-large wp-image-1544\" alt=\"\" srcset=\"https:\/\/www.amarquesarquitectura.com\/wp-content\/uploads\/adria_marques-641x1024.webp 641w, https:\/\/www.amarquesarquitectura.com\/wp-content\/uploads\/adria_marques-188x300.webp 188w, https:\/\/www.amarquesarquitectura.com\/wp-content\/uploads\/adria_marques-768x1226.webp 768w, https:\/\/www.amarquesarquitectura.com\/wp-content\/uploads\/adria_marques.webp 900w\" sizes=\"(max-width: 641px) 100vw, 641px\" \/>\t\t\t\t\t\t\t\t\t\t\t\t\t\t\t<\/div>\n\t\t\t\t<\/div>\n\t\t\t\t<div class=\"elementor-element elementor-element-e673d14 elementor-widget elementor-widget-heading\" data-id=\"e673d14\" data-element_type=\"widget\" data-e-type=\"widget\" data-widget_type=\"heading.default\">\n\t\t\t\t<div class=\"elementor-widget-container\">\n\t\t\t\t\t<h3 class=\"elementor-heading-title elementor-size-default\">CONTACTO<\/h3>\t\t\t\t<\/div>\n\t\t\t\t<\/div>\n\t\t\t\t<div class=\"elementor-element elementor-element-009e02b elementor-position-inline-start elementor-view-default elementor-mobile-position-block-start elementor-widget elementor-widget-icon-box\" data-id=\"009e02b\" data-element_type=\"widget\" data-e-type=\"widget\" data-widget_type=\"icon-box.default\">\n\t\t\t\t<div class=\"elementor-widget-container\">\n\t\t\t\t\t\t\t<div class=\"elementor-icon-box-wrapper\">\n\n\t\t\t\t\t\t<div class=\"elementor-icon-box-icon\">\n\t\t\t\t<a href=\"mailto:marquestriay.adria@gmail.com\" class=\"elementor-icon\" tabindex=\"-1\" aria-label=\"marquestriay.adria@gmail.com\">\n\t\t\t\t<svg aria-hidden=\"true\" class=\"e-font-icon-svg e-far-envelope\" viewBox=\"0 0 512 512\" xmlns=\"http:\/\/www.w3.org\/2000\/svg\"><path d=\"M464 64H48C21.49 64 0 85.49 0 112v288c0 26.51 21.49 48 48 48h416c26.51 0 48-21.49 48-48V112c0-26.51-21.49-48-48-48zm0 48v40.805c-22.422 18.259-58.168 46.651-134.587 106.49-16.841 13.247-50.201 45.072-73.413 44.701-23.208.375-56.579-31.459-73.413-44.701C106.18 199.465 70.425 171.067 48 152.805V112h416zM48 400V214.398c22.914 18.251 55.409 43.862 104.938 82.646 21.857 17.205 60.134 55.186 103.062 54.955 42.717.231 80.509-37.199 103.053-54.947 49.528-38.783 82.032-64.401 104.947-82.653V400H48z\"><\/path><\/svg>\t\t\t\t<\/a>\n\t\t\t<\/div>\n\t\t\t\n\t\t\t\t\t\t<div class=\"elementor-icon-box-content\">\n\n\t\t\t\t\t\t\t\t\t<p class=\"elementor-icon-box-title\">\n\t\t\t\t\t\t<a href=\"mailto:marquestriay.adria@gmail.com\" >\n\t\t\t\t\t\t\tmarquestriay.adria@gmail.com\t\t\t\t\t\t<\/a>\n\t\t\t\t\t<\/p>\n\t\t\t\t\n\t\t\t\t\n\t\t\t<\/div>\n\t\t\t\n\t\t<\/div>\n\t\t\t\t\t\t<\/div>\n\t\t\t\t<\/div>\n\t\t\t\t<div class=\"elementor-element elementor-element-50198f6 elementor-position-inline-start elementor-view-default elementor-mobile-position-block-start elementor-widget elementor-widget-icon-box\" data-id=\"50198f6\" data-element_type=\"widget\" data-e-type=\"widget\" data-widget_type=\"icon-box.default\">\n\t\t\t\t<div class=\"elementor-widget-container\">\n\t\t\t\t\t\t\t<div class=\"elementor-icon-box-wrapper\">\n\n\t\t\t\t\t\t<div class=\"elementor-icon-box-icon\">\n\t\t\t\t<a href=\"tel:+34616496079\" class=\"elementor-icon\" tabindex=\"-1\" aria-label=\"616.49.60.79\">\n\t\t\t\t<svg aria-hidden=\"true\" class=\"e-font-icon-svg e-fas-mobile-alt\" viewBox=\"0 0 320 512\" xmlns=\"http:\/\/www.w3.org\/2000\/svg\"><path d=\"M272 0H48C21.5 0 0 21.5 0 48v416c0 26.5 21.5 48 48 48h224c26.5 0 48-21.5 48-48V48c0-26.5-21.5-48-48-48zM160 480c-17.7 0-32-14.3-32-32s14.3-32 32-32 32 14.3 32 32-14.3 32-32 32zm112-108c0 6.6-5.4 12-12 12H60c-6.6 0-12-5.4-12-12V60c0-6.6 5.4-12 12-12h200c6.6 0 12 5.4 12 12v312z\"><\/path><\/svg>\t\t\t\t<\/a>\n\t\t\t<\/div>\n\t\t\t\n\t\t\t\t\t\t<div class=\"elementor-icon-box-content\">\n\n\t\t\t\t\t\t\t\t\t<p class=\"elementor-icon-box-title\">\n\t\t\t\t\t\t<a href=\"tel:+34616496079\" >\n\t\t\t\t\t\t\t616.49.60.79\t\t\t\t\t\t<\/a>\n\t\t\t\t\t<\/p>\n\t\t\t\t\n\t\t\t\t\n\t\t\t<\/div>\n\t\t\t\n\t\t<\/div>\n\t\t\t\t\t\t<\/div>\n\t\t\t\t<\/div>\n\t\t\t\t<div class=\"elementor-element elementor-element-1ee4ca9 elementor-position-inline-start elementor-view-default elementor-mobile-position-block-start elementor-widget elementor-widget-icon-box\" data-id=\"1ee4ca9\" data-element_type=\"widget\" data-e-type=\"widget\" data-widget_type=\"icon-box.default\">\n\t\t\t\t<div class=\"elementor-widget-container\">\n\t\t\t\t\t\t\t<div class=\"elementor-icon-box-wrapper\">\n\n\t\t\t\t\t\t<div class=\"elementor-icon-box-icon\">\n\t\t\t\t<a href=\"https:\/\/www.instagram.com\/adrian7.pt\/\" class=\"elementor-icon\" tabindex=\"-1\" aria-label=\"@adriam7\">\n\t\t\t\t<svg aria-hidden=\"true\" class=\"e-font-icon-svg e-fab-instagram\" viewBox=\"0 0 448 512\" xmlns=\"http:\/\/www.w3.org\/2000\/svg\"><path d=\"M224.1 141c-63.6 0-114.9 51.3-114.9 114.9s51.3 114.9 114.9 114.9S339 319.5 339 255.9 287.7 141 224.1 141zm0 189.6c-41.1 0-74.7-33.5-74.7-74.7s33.5-74.7 74.7-74.7 74.7 33.5 74.7 74.7-33.6 74.7-74.7 74.7zm146.4-194.3c0 14.9-12 26.8-26.8 26.8-14.9 0-26.8-12-26.8-26.8s12-26.8 26.8-26.8 26.8 12 26.8 26.8zm76.1 27.2c-1.7-35.9-9.9-67.7-36.2-93.9-26.2-26.2-58-34.4-93.9-36.2-37-2.1-147.9-2.1-184.9 0-35.8 1.7-67.6 9.9-93.9 36.1s-34.4 58-36.2 93.9c-2.1 37-2.1 147.9 0 184.9 1.7 35.9 9.9 67.7 36.2 93.9s58 34.4 93.9 36.2c37 2.1 147.9 2.1 184.9 0 35.9-1.7 67.7-9.9 93.9-36.2 26.2-26.2 34.4-58 36.2-93.9 2.1-37 2.1-147.8 0-184.8zM398.8 388c-7.8 19.6-22.9 34.7-42.6 42.6-29.5 11.7-99.5 9-132.1 9s-102.7 2.6-132.1-9c-19.6-7.8-34.7-22.9-42.6-42.6-11.7-29.5-9-99.5-9-132.1s-2.6-102.7 9-132.1c7.8-19.6 22.9-34.7 42.6-42.6 29.5-11.7 99.5-9 132.1-9s102.7-2.6 132.1 9c19.6 7.8 34.7 22.9 42.6 42.6 11.7 29.5 9 99.5 9 132.1s2.7 102.7-9 132.1z\"><\/path><\/svg>\t\t\t\t<\/a>\n\t\t\t<\/div>\n\t\t\t\n\t\t\t\t\t\t<div class=\"elementor-icon-box-content\">\n\n\t\t\t\t\t\t\t\t\t<p class=\"elementor-icon-box-title\">\n\t\t\t\t\t\t<a href=\"https:\/\/www.instagram.com\/adrian7.pt\/\" >\n\t\t\t\t\t\t\t@adriam7\t\t\t\t\t\t<\/a>\n\t\t\t\t\t<\/p>\n\t\t\t\t\n\t\t\t\t\n\t\t\t<\/div>\n\t\t\t\n\t\t<\/div>\n\t\t\t\t\t\t<\/div>\n\t\t\t\t<\/div>\n\t\t\t\t<\/div>\n\t\t<div class=\"elementor-element elementor-element-d8d2d92 e-con-full e-flex e-con e-child\" data-id=\"d8d2d92\" data-element_type=\"container\" data-e-type=\"container\">\n\t\t\t\t<div class=\"elementor-element elementor-element-f5e9d86 elementor-widget elementor-widget-heading\" data-id=\"f5e9d86\" data-element_type=\"widget\" data-e-type=\"widget\" data-widget_type=\"heading.default\">\n\t\t\t\t<div class=\"elementor-widget-container\">\n\t\t\t\t\t<h1 class=\"elementor-heading-title elementor-size-default\">Servicios de Arquitectura en Menorca y El Maresme<\/h1>\t\t\t\t<\/div>\n\t\t\t\t<\/div>\n\t\t\t\t<div class=\"elementor-element elementor-element-93d5457 elementor-widget elementor-widget-text-editor\" data-id=\"93d5457\" data-element_type=\"widget\" data-e-type=\"widget\" data-widget_type=\"text-editor.default\">\n\t\t\t\t<div class=\"elementor-widget-container\">\n\t\t\t\t\t\t\t\t\t<p>Como arquitecto con experiencia en <strong>proyectos residenciales, comerciales y de rehabilitaci\u00f3n<\/strong> , ofrezco un conjunto completo de <strong>servicios t\u00e9cnicos<\/strong> y creativos orientados a <strong>transformar las ideas de los clientes en espacios funcionales, est\u00e9ticos y sostenibles<\/strong> . Cada proyecto se desarrolla con especial atenci\u00f3n a los detalles, a la calidad constructiva ya la integraci\u00f3n con el entorno. <\/p><p>Desarrollo mis proyectos principalmente en las zonas de <strong>Menorca,<\/strong> <span class=\"s1\"><b>El Maresme<\/b><\/span> y las comarcas vecinas, como el <span class=\"s1\"><b>Vall\u00e8s Oriental, el Vall\u00e8s Occidental, el Barcelon\u00e8s y la Selva<\/b><\/span> .  <\/p>\t\t\t\t\t\t\t\t<\/div>\n\t\t\t\t<\/div>\n\t\t\t\t<div class=\"elementor-element elementor-element-0fc4b4d elementor-widget elementor-widget-heading\" data-id=\"0fc4b4d\" data-element_type=\"widget\" data-e-type=\"widget\" data-widget_type=\"heading.default\">\n\t\t\t\t<div class=\"elementor-widget-container\">\n\t\t\t\t\t<h2 class=\"elementor-heading-title elementor-size-default\">Proyectos de Viviendas Unifamiliares y Plurifamiliares<\/h2>\t\t\t\t<\/div>\n\t\t\t\t<\/div>\n\t\t\t\t<div class=\"elementor-element elementor-element-bc1ca4b elementor-widget elementor-widget-text-editor\" data-id=\"bc1ca4b\" data-element_type=\"widget\" data-e-type=\"widget\" data-widget_type=\"text-editor.default\">\n\t\t\t\t<div class=\"elementor-widget-container\">\n\t\t\t\t\t\t\t\t\t<p>El dise\u00f1o de viviendas es una de las principales \u00e1reas de trabajo. Cada proyecto se inicia con un an\u00e1lisis profundo de las necesidades del cliente, del terreno y del entorno. Se busca conseguir una arquitectura personalizada con espacios luminosos, eficientes y adaptados al d\u00eda a d\u00eda. Desde casas unifamiliares a edificios plurifamiliares o conjuntos residenciales, el objetivo es siempre combinar funcionalidad, eficiencia energ\u00e9tica y dise\u00f1o contempor\u00e1neo. Tambi\u00e9n se incluye la gesti\u00f3n completa de permisos y la coordinaci\u00f3n con ingenieros e industriales para garantizar que el resultado sea fiel al proyecto inicial.    <\/p>\t\t\t\t\t\t\t\t<\/div>\n\t\t\t\t<\/div>\n\t\t\t\t<div class=\"elementor-element elementor-element-b2ee3a1 elementor-widget elementor-widget-heading\" data-id=\"b2ee3a1\" data-element_type=\"widget\" data-e-type=\"widget\" data-widget_type=\"heading.default\">\n\t\t\t\t<div class=\"elementor-widget-container\">\n\t\t\t\t\t<h2 class=\"elementor-heading-title elementor-size-default\">Rehabilitaci\u00f3n y Reformas Integrales<\/h2>\t\t\t\t<\/div>\n\t\t\t\t<\/div>\n\t\t\t\t<div class=\"elementor-element elementor-element-bbf5a97 elementor-widget elementor-widget-text-editor\" data-id=\"bbf5a97\" data-element_type=\"widget\" data-e-type=\"widget\" data-widget_type=\"text-editor.default\">\n\t\t\t\t<div class=\"elementor-widget-container\">\n\t\t\t\t\t\t\t\t\t<p>La rehabilitaci\u00f3n de edificios existentes requiere sensibilidad, conocimiento t\u00e9cnico y respeto por el car\u00e1cter original del inmueble. Cada intervenci\u00f3n se plantea como una oportunidad para mejorar la habitabilidad, seguridad estructural y eficiencia energ\u00e9tica, sin perder la esencia hist\u00f3rica o est\u00e9tica del edificio. Este servicio abarca desde reformas integrales de viviendas hasta la restauraci\u00f3n de edificios catalogados o espacios tradicionales, utilizando materiales compatibles y t\u00e9cnicas constructivas actuales para garantizar la durabilidad de la intervenci\u00f3n.  <\/p>\t\t\t\t\t\t\t\t<\/div>\n\t\t\t\t<\/div>\n\t\t\t\t<div class=\"elementor-element elementor-element-ca76c0c elementor-widget elementor-widget-heading\" data-id=\"ca76c0c\" data-element_type=\"widget\" data-e-type=\"widget\" data-widget_type=\"heading.default\">\n\t\t\t\t<div class=\"elementor-widget-container\">\n\t\t\t\t\t<h2 class=\"elementor-heading-title elementor-size-default\">Arquitectura Sostenible y Pasiva<\/h2>\t\t\t\t<\/div>\n\t\t\t\t<\/div>\n\t\t\t\t<div class=\"elementor-element elementor-element-0da6fe5 elementor-widget elementor-widget-text-editor\" data-id=\"0da6fe5\" data-element_type=\"widget\" data-e-type=\"widget\" data-widget_type=\"text-editor.default\">\n\t\t\t\t<div class=\"elementor-widget-container\">\n\t\t\t\t\t\t\t\t\t<p>La sostenibilidad es una parte esencial de la arquitectura contempor\u00e1nea. Los proyectos se desarrollan aplicando criterios bioclim\u00e1ticos, cuyo dise\u00f1o maximiza la luz natural, la ventilaci\u00f3n cruzada y el uso de energ\u00edas renovables. Se analizan aspectos como la orientaci\u00f3n solar, el aislamiento t\u00e9rmico o la selecci\u00f3n de materiales naturales y de proximidad. De esta forma, se consiguen viviendas m\u00e1s confortables, con menor consumo energ\u00e9tico y menor impacto ambiental. Este enfoque no s\u00f3lo aporta eficiencia sino tambi\u00e9n una mayor calidad de vida y un v\u00ednculo m\u00e1s profundo con el medio.    <\/p>\t\t\t\t\t\t\t\t<\/div>\n\t\t\t\t<\/div>\n\t\t\t\t<div class=\"elementor-element elementor-element-47b8bf9 elementor-widget elementor-widget-heading\" data-id=\"47b8bf9\" data-element_type=\"widget\" data-e-type=\"widget\" data-widget_type=\"heading.default\">\n\t\t\t\t<div class=\"elementor-widget-container\">\n\t\t\t\t\t<h2 class=\"elementor-heading-title elementor-size-default\">Direcci\u00f3n de Obra y Coordinaci\u00f3n de Proyecto<\/h2>\t\t\t\t<\/div>\n\t\t\t\t<\/div>\n\t\t\t\t<div class=\"elementor-element elementor-element-63f103b elementor-widget elementor-widget-text-editor\" data-id=\"63f103b\" data-element_type=\"widget\" data-e-type=\"widget\" data-widget_type=\"text-editor.default\">\n\t\t\t\t<div class=\"elementor-widget-container\">\n\t\t\t\t\t\t\t\t\t<p>Durante la ejecuci\u00f3n de la obra, el arquitecto asume un papel clave en la supervisi\u00f3n y control t\u00e9cnico. La direcci\u00f3n de obra garantiza que la construcci\u00f3n se ajuste a los planos, normativas y plazos establecidos. Este servicio incluye la revisi\u00f3n de presupuestos, el seguimiento de ejecuci\u00f3n, la resoluci\u00f3n de imprevistos y la coordinaci\u00f3n de los distintos profesionales que intervienen en el proceso constructivo. El objetivo es asegurar un resultado de calidad, dentro del presupuesto y con la m\u00e1xima transparencia en cada fase del proyecto.   <\/p>\t\t\t\t\t\t\t\t<\/div>\n\t\t\t\t<\/div>\n\t\t\t\t<\/div>\n\t\t\t\t\t<\/div>\n\t\t\t\t<\/div>\n\t\t\t\t<\/div>\n\t\t","protected":false},"excerpt":{"rendered":"<p>CONTACTO marquestriay.adria@gmail.com 616.49.60.79 @adriam7 Servicios de Arquitectura en Menorca y El Maresme Como arquitecto con experiencia en proyectos residenciales, comerciales y de rehabilitaci\u00f3n , ofrezco un conjunto completo de servicios t\u00e9cnicos y creativos orientados a transformar las ideas de los clientes en espacios funcionales, est\u00e9ticos y sostenibles . Cada proyecto se desarrolla con especial atenci\u00f3n [&hellip;]<\/p>\n","protected":false},"author":1,"featured_media":0,"parent":0,"menu_order":0,"comment_status":"closed","ping_status":"closed","template":"","meta":{"_acf_changed":false,"footnotes":""},"class_list":["post-1587","page","type-page","status-publish","hentry"],"acf":[],"yoast_head":"<!-- This site is optimized with the Yoast SEO plugin v27.4 - https:\/\/yoast.com\/product\/yoast-seo-wordpress\/ -->\n<title>Servicios de Arquitectura en Menorca y El Maresme - Adri\u00e0 Marqu\u00e8s arquitectura<\/title>\n<meta name=\"description\" content=\"Estudio de arquitectura en Menorca y El Maresme, con experiencia en proyectos residenciales, comerciales y rehabilitaci\u00f3n.\" \/>\n<meta name=\"robots\" content=\"index, follow, max-snippet:-1, max-image-preview:large, max-video-preview:-1\" \/>\n<link rel=\"canonical\" href=\"https:\/\/www.amarquesarquitectura.com\/es\/servicios\/\" \/>\n<meta property=\"og:locale\" content=\"es_ES\" \/>\n<meta property=\"og:type\" content=\"article\" \/>\n<meta property=\"og:title\" content=\"Servicios de Arquitectura en Menorca y El Maresme - Adri\u00e0 Marqu\u00e8s arquitectura\" \/>\n<meta property=\"og:description\" content=\"Estudio de arquitectura en Menorca y El Maresme, con experiencia en proyectos residenciales, comerciales y rehabilitaci\u00f3n.\" \/>\n<meta property=\"og:url\" content=\"https:\/\/www.amarquesarquitectura.com\/es\/servicios\/\" \/>\n<meta property=\"og:site_name\" content=\"Adri\u00e0 Marqu\u00e8s arquitectura\" \/>\n<meta property=\"article:modified_time\" content=\"2025-12-05T08:23:20+00:00\" \/>\n<meta property=\"og:image\" content=\"https:\/\/www.amarquesarquitectura.com\/wp-content\/uploads\/adria_marques.webp\" \/>\n\t<meta property=\"og:image:width\" content=\"900\" \/>\n\t<meta property=\"og:image:height\" content=\"1437\" \/>\n\t<meta property=\"og:image:type\" content=\"image\/webp\" \/>\n<meta name=\"twitter:card\" content=\"summary_large_image\" \/>\n<meta name=\"twitter:label1\" content=\"Tiempo de lectura\" \/>\n\t<meta name=\"twitter:data1\" content=\"3 minutos\" \/>\n<script type=\"application\/ld+json\" class=\"yoast-schema-graph\">{\"@context\":\"https:\\\/\\\/schema.org\",\"@graph\":[{\"@type\":\"WebPage\",\"@id\":\"https:\\\/\\\/www.amarquesarquitectura.com\\\/es\\\/servicios\\\/\",\"url\":\"https:\\\/\\\/www.amarquesarquitectura.com\\\/es\\\/servicios\\\/\",\"name\":\"Servicios de Arquitectura en Menorca y El Maresme - Adri\u00e0 Marqu\u00e8s arquitectura\",\"isPartOf\":{\"@id\":\"https:\\\/\\\/amarquesarquitectura.com\\\/#website\"},\"primaryImageOfPage\":{\"@id\":\"https:\\\/\\\/www.amarquesarquitectura.com\\\/es\\\/servicios\\\/#primaryimage\"},\"image\":{\"@id\":\"https:\\\/\\\/www.amarquesarquitectura.com\\\/es\\\/servicios\\\/#primaryimage\"},\"thumbnailUrl\":\"https:\\\/\\\/www.amarquesarquitectura.com\\\/wp-content\\\/uploads\\\/adria_marques-641x1024.webp\",\"datePublished\":\"2024-11-26T11:07:16+00:00\",\"dateModified\":\"2025-12-05T08:23:20+00:00\",\"description\":\"Estudio de arquitectura en Menorca y El Maresme, con experiencia en proyectos residenciales, comerciales y rehabilitaci\u00f3n.\",\"breadcrumb\":{\"@id\":\"https:\\\/\\\/www.amarquesarquitectura.com\\\/es\\\/servicios\\\/#breadcrumb\"},\"inLanguage\":\"es\",\"potentialAction\":[{\"@type\":\"ReadAction\",\"target\":[\"https:\\\/\\\/www.amarquesarquitectura.com\\\/es\\\/servicios\\\/\"]}]},{\"@type\":\"ImageObject\",\"inLanguage\":\"es\",\"@id\":\"https:\\\/\\\/www.amarquesarquitectura.com\\\/es\\\/servicios\\\/#primaryimage\",\"url\":\"https:\\\/\\\/www.amarquesarquitectura.com\\\/wp-content\\\/uploads\\\/adria_marques-641x1024.webp\",\"contentUrl\":\"https:\\\/\\\/www.amarquesarquitectura.com\\\/wp-content\\\/uploads\\\/adria_marques-641x1024.webp\"},{\"@type\":\"BreadcrumbList\",\"@id\":\"https:\\\/\\\/www.amarquesarquitectura.com\\\/es\\\/servicios\\\/#breadcrumb\",\"itemListElement\":[{\"@type\":\"ListItem\",\"position\":1,\"name\":\"Inici\",\"item\":\"https:\\\/\\\/www.amarquesarquitectura.com\\\/es\\\/adria-marques-arquitecto\\\/\"},{\"@type\":\"ListItem\",\"position\":2,\"name\":\"Servicios\"}]},{\"@type\":\"WebSite\",\"@id\":\"https:\\\/\\\/amarquesarquitectura.com\\\/#website\",\"url\":\"https:\\\/\\\/amarquesarquitectura.com\\\/\",\"name\":\"Adri\u00e0 Marqu\u00e8s arquitectura\",\"description\":\"Arquitecte\",\"publisher\":{\"@id\":\"https:\\\/\\\/amarquesarquitectura.com\\\/#organization\"},\"potentialAction\":[{\"@type\":\"SearchAction\",\"target\":{\"@type\":\"EntryPoint\",\"urlTemplate\":\"https:\\\/\\\/amarquesarquitectura.com\\\/?s={search_term_string}\"},\"query-input\":{\"@type\":\"PropertyValueSpecification\",\"valueRequired\":true,\"valueName\":\"search_term_string\"}}],\"inLanguage\":\"es\"},{\"@type\":\"Organization\",\"@id\":\"https:\\\/\\\/amarquesarquitectura.com\\\/#organization\",\"name\":\"Adri\u00e0 Marqu\u00e8s arquitectura\",\"url\":\"https:\\\/\\\/amarquesarquitectura.com\\\/\",\"logo\":{\"@type\":\"ImageObject\",\"inLanguage\":\"es\",\"@id\":\"https:\\\/\\\/amarquesarquitectura.com\\\/#\\\/schema\\\/logo\\\/image\\\/\",\"url\":\"https:\\\/\\\/www.amarquesarquitectura.com\\\/wp-content\\\/uploads\\\/am-arquitecte.svg\",\"contentUrl\":\"https:\\\/\\\/www.amarquesarquitectura.com\\\/wp-content\\\/uploads\\\/am-arquitecte.svg\",\"width\":587,\"height\":140,\"caption\":\"Adri\u00e0 Marqu\u00e8s arquitectura\"},\"image\":{\"@id\":\"https:\\\/\\\/amarquesarquitectura.com\\\/#\\\/schema\\\/logo\\\/image\\\/\"}}]}<\/script>\n<!-- \/ Yoast SEO plugin. -->","yoast_head_json":{"title":"Servicios de Arquitectura en Menorca y El Maresme - Adri\u00e0 Marqu\u00e8s arquitectura","description":"Estudio de arquitectura en Menorca y El Maresme, con experiencia en proyectos residenciales, comerciales y rehabilitaci\u00f3n.","robots":{"index":"index","follow":"follow","max-snippet":"max-snippet:-1","max-image-preview":"max-image-preview:large","max-video-preview":"max-video-preview:-1"},"canonical":"https:\/\/www.amarquesarquitectura.com\/es\/servicios\/","og_locale":"es_ES","og_type":"article","og_title":"Servicios de Arquitectura en Menorca y El Maresme - Adri\u00e0 Marqu\u00e8s arquitectura","og_description":"Estudio de arquitectura en Menorca y El Maresme, con experiencia en proyectos residenciales, comerciales y rehabilitaci\u00f3n.","og_url":"https:\/\/www.amarquesarquitectura.com\/es\/servicios\/","og_site_name":"Adri\u00e0 Marqu\u00e8s arquitectura","article_modified_time":"2025-12-05T08:23:20+00:00","og_image":[{"width":900,"height":1437,"url":"https:\/\/www.amarquesarquitectura.com\/wp-content\/uploads\/adria_marques.webp","type":"image\/webp"}],"twitter_card":"summary_large_image","twitter_misc":{"Tiempo de lectura":"3 minutos"},"schema":{"@context":"https:\/\/schema.org","@graph":[{"@type":"WebPage","@id":"https:\/\/www.amarquesarquitectura.com\/es\/servicios\/","url":"https:\/\/www.amarquesarquitectura.com\/es\/servicios\/","name":"Servicios de Arquitectura en Menorca y El Maresme - Adri\u00e0 Marqu\u00e8s arquitectura","isPartOf":{"@id":"https:\/\/amarquesarquitectura.com\/#website"},"primaryImageOfPage":{"@id":"https:\/\/www.amarquesarquitectura.com\/es\/servicios\/#primaryimage"},"image":{"@id":"https:\/\/www.amarquesarquitectura.com\/es\/servicios\/#primaryimage"},"thumbnailUrl":"https:\/\/www.amarquesarquitectura.com\/wp-content\/uploads\/adria_marques-641x1024.webp","datePublished":"2024-11-26T11:07:16+00:00","dateModified":"2025-12-05T08:23:20+00:00","description":"Estudio de arquitectura en Menorca y El Maresme, con experiencia en proyectos residenciales, comerciales y rehabilitaci\u00f3n.","breadcrumb":{"@id":"https:\/\/www.amarquesarquitectura.com\/es\/servicios\/#breadcrumb"},"inLanguage":"es","potentialAction":[{"@type":"ReadAction","target":["https:\/\/www.amarquesarquitectura.com\/es\/servicios\/"]}]},{"@type":"ImageObject","inLanguage":"es","@id":"https:\/\/www.amarquesarquitectura.com\/es\/servicios\/#primaryimage","url":"https:\/\/www.amarquesarquitectura.com\/wp-content\/uploads\/adria_marques-641x1024.webp","contentUrl":"https:\/\/www.amarquesarquitectura.com\/wp-content\/uploads\/adria_marques-641x1024.webp"},{"@type":"BreadcrumbList","@id":"https:\/\/www.amarquesarquitectura.com\/es\/servicios\/#breadcrumb","itemListElement":[{"@type":"ListItem","position":1,"name":"Inici","item":"https:\/\/www.amarquesarquitectura.com\/es\/adria-marques-arquitecto\/"},{"@type":"ListItem","position":2,"name":"Servicios"}]},{"@type":"WebSite","@id":"https:\/\/amarquesarquitectura.com\/#website","url":"https:\/\/amarquesarquitectura.com\/","name":"Adri\u00e0 Marqu\u00e8s arquitectura","description":"Arquitecte","publisher":{"@id":"https:\/\/amarquesarquitectura.com\/#organization"},"potentialAction":[{"@type":"SearchAction","target":{"@type":"EntryPoint","urlTemplate":"https:\/\/amarquesarquitectura.com\/?s={search_term_string}"},"query-input":{"@type":"PropertyValueSpecification","valueRequired":true,"valueName":"search_term_string"}}],"inLanguage":"es"},{"@type":"Organization","@id":"https:\/\/amarquesarquitectura.com\/#organization","name":"Adri\u00e0 Marqu\u00e8s arquitectura","url":"https:\/\/amarquesarquitectura.com\/","logo":{"@type":"ImageObject","inLanguage":"es","@id":"https:\/\/amarquesarquitectura.com\/#\/schema\/logo\/image\/","url":"https:\/\/www.amarquesarquitectura.com\/wp-content\/uploads\/am-arquitecte.svg","contentUrl":"https:\/\/www.amarquesarquitectura.com\/wp-content\/uploads\/am-arquitecte.svg","width":587,"height":140,"caption":"Adri\u00e0 Marqu\u00e8s arquitectura"},"image":{"@id":"https:\/\/amarquesarquitectura.com\/#\/schema\/logo\/image\/"}}]}},"_links":{"self":[{"href":"https:\/\/www.amarquesarquitectura.com\/es\/wp-json\/wp\/v2\/pages\/1587","targetHints":{"allow":["GET"]}}],"collection":[{"href":"https:\/\/www.amarquesarquitectura.com\/es\/wp-json\/wp\/v2\/pages"}],"about":[{"href":"https:\/\/www.amarquesarquitectura.com\/es\/wp-json\/wp\/v2\/types\/page"}],"author":[{"embeddable":true,"href":"https:\/\/www.amarquesarquitectura.com\/es\/wp-json\/wp\/v2\/users\/1"}],"replies":[{"embeddable":true,"href":"https:\/\/www.amarquesarquitectura.com\/es\/wp-json\/wp\/v2\/comments?post=1587"}],"version-history":[{"count":1,"href":"https:\/\/www.amarquesarquitectura.com\/es\/wp-json\/wp\/v2\/pages\/1587\/revisions"}],"predecessor-version":[{"id":1737,"href":"https:\/\/www.amarquesarquitectura.com\/es\/wp-json\/wp\/v2\/pages\/1587\/revisions\/1737"}],"wp:attachment":[{"href":"https:\/\/www.amarquesarquitectura.com\/es\/wp-json\/wp\/v2\/media?parent=1587"}],"curies":[{"name":"wp","href":"https:\/\/api.w.org\/{rel}","templated":true}]}}