{"id":1585,"date":"2024-11-26T11:07:32","date_gmt":"2024-11-26T11:07:32","guid":{"rendered":"https:\/\/amarquesarquitectura.com\/\/contacto\/"},"modified":"2025-10-27T07:32:42","modified_gmt":"2025-10-27T07:32:42","slug":"contacto","status":"publish","type":"page","link":"https:\/\/www.amarquesarquitectura.com\/es\/contacto\/","title":{"rendered":"Contacto"},"content":{"rendered":"\t\t<div data-elementor-type=\"wp-page\" data-elementor-id=\"1585\" class=\"elementor elementor-1585 elementor-34\" data-elementor-post-type=\"page\">\n\t\t\t\t<div class=\"elementor-element elementor-element-c326b4e e-flex e-con-boxed e-con e-parent\" data-id=\"c326b4e\" data-element_type=\"container\" data-e-type=\"container\">\n\t\t\t\t\t<div class=\"e-con-inner\">\n\t\t<div class=\"elementor-element elementor-element-7a1a2a1 e-con-full e-flex e-con e-child\" data-id=\"7a1a2a1\" data-element_type=\"container\" data-e-type=\"container\">\n\t\t<div class=\"elementor-element elementor-element-ce7b1a1 e-con-full e-flex e-con e-child\" data-id=\"ce7b1a1\" data-element_type=\"container\" data-e-type=\"container\" data-settings=\"{&quot;background_background&quot;:&quot;classic&quot;}\">\n\t\t\t\t<div class=\"elementor-element elementor-element-60111be elementor-widget elementor-widget-heading\" data-id=\"60111be\" data-element_type=\"widget\" data-e-type=\"widget\" data-widget_type=\"heading.default\">\n\t\t\t\t<div class=\"elementor-widget-container\">\n\t\t\t\t\t<h3 class=\"elementor-heading-title elementor-size-default\">Adri\u00e0 Marqu\u00e8s<\/h3>\t\t\t\t<\/div>\n\t\t\t\t<\/div>\n\t\t\t\t<div class=\"elementor-element elementor-element-315cd73 elementor-widget elementor-widget-heading\" data-id=\"315cd73\" data-element_type=\"widget\" data-e-type=\"widget\" data-widget_type=\"heading.default\">\n\t\t\t\t<div class=\"elementor-widget-container\">\n\t\t\t\t\t<h4 class=\"elementor-heading-title elementor-size-default\">Arquitecto<\/h4>\t\t\t\t<\/div>\n\t\t\t\t<\/div>\n\t\t\t\t<div class=\"elementor-element elementor-element-d27c1fe elementor-position-inline-start elementor-view-default elementor-mobile-position-block-start elementor-widget elementor-widget-icon-box\" data-id=\"d27c1fe\" data-element_type=\"widget\" data-e-type=\"widget\" data-widget_type=\"icon-box.default\">\n\t\t\t\t<div class=\"elementor-widget-container\">\n\t\t\t\t\t\t\t<div class=\"elementor-icon-box-wrapper\">\n\n\t\t\t\t\t\t<div class=\"elementor-icon-box-icon\">\n\t\t\t\t<a href=\"mailto:marquestriay.adria@gmail.com\" class=\"elementor-icon\" tabindex=\"-1\" aria-label=\"marquestriay.adria@gmail.com\">\n\t\t\t\t<svg aria-hidden=\"true\" class=\"e-font-icon-svg e-far-envelope\" viewBox=\"0 0 512 512\" xmlns=\"http:\/\/www.w3.org\/2000\/svg\"><path d=\"M464 64H48C21.49 64 0 85.49 0 112v288c0 26.51 21.49 48 48 48h416c26.51 0 48-21.49 48-48V112c0-26.51-21.49-48-48-48zm0 48v40.805c-22.422 18.259-58.168 46.651-134.587 106.49-16.841 13.247-50.201 45.072-73.413 44.701-23.208.375-56.579-31.459-73.413-44.701C106.18 199.465 70.425 171.067 48 152.805V112h416zM48 400V214.398c22.914 18.251 55.409 43.862 104.938 82.646 21.857 17.205 60.134 55.186 103.062 54.955 42.717.231 80.509-37.199 103.053-54.947 49.528-38.783 82.032-64.401 104.947-82.653V400H48z\"><\/path><\/svg>\t\t\t\t<\/a>\n\t\t\t<\/div>\n\t\t\t\n\t\t\t\t\t\t<div class=\"elementor-icon-box-content\">\n\n\t\t\t\t\t\t\t\t\t<p class=\"elementor-icon-box-title\">\n\t\t\t\t\t\t<a href=\"mailto:marquestriay.adria@gmail.com\" >\n\t\t\t\t\t\t\tmarquestriay.adria@gmail.com\t\t\t\t\t\t<\/a>\n\t\t\t\t\t<\/p>\n\t\t\t\t\n\t\t\t\t\n\t\t\t<\/div>\n\t\t\t\n\t\t<\/div>\n\t\t\t\t\t\t<\/div>\n\t\t\t\t<\/div>\n\t\t\t\t<div class=\"elementor-element elementor-element-77564ac elementor-position-inline-start elementor-view-default elementor-mobile-position-block-start elementor-widget elementor-widget-icon-box\" data-id=\"77564ac\" data-element_type=\"widget\" data-e-type=\"widget\" data-widget_type=\"icon-box.default\">\n\t\t\t\t<div class=\"elementor-widget-container\">\n\t\t\t\t\t\t\t<div class=\"elementor-icon-box-wrapper\">\n\n\t\t\t\t\t\t<div class=\"elementor-icon-box-icon\">\n\t\t\t\t<a href=\"tel:+34616496079\" class=\"elementor-icon\" tabindex=\"-1\" aria-label=\"616.49.60.79\">\n\t\t\t\t<svg aria-hidden=\"true\" class=\"e-font-icon-svg e-fas-mobile-alt\" viewBox=\"0 0 320 512\" xmlns=\"http:\/\/www.w3.org\/2000\/svg\"><path d=\"M272 0H48C21.5 0 0 21.5 0 48v416c0 26.5 21.5 48 48 48h224c26.5 0 48-21.5 48-48V48c0-26.5-21.5-48-48-48zM160 480c-17.7 0-32-14.3-32-32s14.3-32 32-32 32 14.3 32 32-14.3 32-32 32zm112-108c0 6.6-5.4 12-12 12H60c-6.6 0-12-5.4-12-12V60c0-6.6 5.4-12 12-12h200c6.6 0 12 5.4 12 12v312z\"><\/path><\/svg>\t\t\t\t<\/a>\n\t\t\t<\/div>\n\t\t\t\n\t\t\t\t\t\t<div class=\"elementor-icon-box-content\">\n\n\t\t\t\t\t\t\t\t\t<p class=\"elementor-icon-box-title\">\n\t\t\t\t\t\t<a href=\"tel:+34616496079\" >\n\t\t\t\t\t\t\t616.49.60.79\t\t\t\t\t\t<\/a>\n\t\t\t\t\t<\/p>\n\t\t\t\t\n\t\t\t\t\n\t\t\t<\/div>\n\t\t\t\n\t\t<\/div>\n\t\t\t\t\t\t<\/div>\n\t\t\t\t<\/div>\n\t\t\t\t<div class=\"elementor-element elementor-element-96356e2 elementor-position-inline-start elementor-view-default elementor-mobile-position-block-start elementor-widget elementor-widget-icon-box\" data-id=\"96356e2\" data-element_type=\"widget\" data-e-type=\"widget\" data-widget_type=\"icon-box.default\">\n\t\t\t\t<div class=\"elementor-widget-container\">\n\t\t\t\t\t\t\t<div class=\"elementor-icon-box-wrapper\">\n\n\t\t\t\t\t\t<div class=\"elementor-icon-box-icon\">\n\t\t\t\t<a href=\"https:\/\/www.instagram.com\/adriamt7\/\" class=\"elementor-icon\" tabindex=\"-1\" aria-label=\"@adriamt7\">\n\t\t\t\t<svg aria-hidden=\"true\" class=\"e-font-icon-svg e-fab-instagram\" viewBox=\"0 0 448 512\" xmlns=\"http:\/\/www.w3.org\/2000\/svg\"><path d=\"M224.1 141c-63.6 0-114.9 51.3-114.9 114.9s51.3 114.9 114.9 114.9S339 319.5 339 255.9 287.7 141 224.1 141zm0 189.6c-41.1 0-74.7-33.5-74.7-74.7s33.5-74.7 74.7-74.7 74.7 33.5 74.7 74.7-33.6 74.7-74.7 74.7zm146.4-194.3c0 14.9-12 26.8-26.8 26.8-14.9 0-26.8-12-26.8-26.8s12-26.8 26.8-26.8 26.8 12 26.8 26.8zm76.1 27.2c-1.7-35.9-9.9-67.7-36.2-93.9-26.2-26.2-58-34.4-93.9-36.2-37-2.1-147.9-2.1-184.9 0-35.8 1.7-67.6 9.9-93.9 36.1s-34.4 58-36.2 93.9c-2.1 37-2.1 147.9 0 184.9 1.7 35.9 9.9 67.7 36.2 93.9s58 34.4 93.9 36.2c37 2.1 147.9 2.1 184.9 0 35.9-1.7 67.7-9.9 93.9-36.2 26.2-26.2 34.4-58 36.2-93.9 2.1-37 2.1-147.8 0-184.8zM398.8 388c-7.8 19.6-22.9 34.7-42.6 42.6-29.5 11.7-99.5 9-132.1 9s-102.7 2.6-132.1-9c-19.6-7.8-34.7-22.9-42.6-42.6-11.7-29.5-9-99.5-9-132.1s-2.6-102.7 9-132.1c7.8-19.6 22.9-34.7 42.6-42.6 29.5-11.7 99.5-9 132.1-9s102.7-2.6 132.1 9c19.6 7.8 34.7 22.9 42.6 42.6 11.7 29.5 9 99.5 9 132.1s2.7 102.7-9 132.1z\"><\/path><\/svg>\t\t\t\t<\/a>\n\t\t\t<\/div>\n\t\t\t\n\t\t\t\t\t\t<div class=\"elementor-icon-box-content\">\n\n\t\t\t\t\t\t\t\t\t<p class=\"elementor-icon-box-title\">\n\t\t\t\t\t\t<a href=\"https:\/\/www.instagram.com\/adriamt7\/\" >\n\t\t\t\t\t\t\t@adriamt7\t\t\t\t\t\t<\/a>\n\t\t\t\t\t<\/p>\n\t\t\t\t\n\t\t\t\t\n\t\t\t<\/div>\n\t\t\t\n\t\t<\/div>\n\t\t\t\t\t\t<\/div>\n\t\t\t\t<\/div>\n\t\t\t\t<\/div>\n\t\t<div class=\"elementor-element elementor-element-3dbc1e6 e-con-full e-flex e-con e-child\" data-id=\"3dbc1e6\" data-element_type=\"container\" data-e-type=\"container\">\n\t\t\t\t<div class=\"elementor-element elementor-element-46213cc elementor-widget__width-initial elementor-widget elementor-widget-google_maps\" data-id=\"46213cc\" data-element_type=\"widget\" data-e-type=\"widget\" data-widget_type=\"google_maps.default\">\n\t\t\t\t<div class=\"elementor-widget-container\">\n\t\t\t\t\t\t\t<div class=\"elementor-custom-embed\">\n\t\t\t<iframe loading=\"lazy\"\n\t\t\t\t\tsrc=\"https:\/\/maps.google.com\/maps?q=riera%20del%20pinar%2C%2033%20Canet%20de%20Mar&#038;t=m&#038;z=14&#038;output=embed&#038;iwloc=near\"\n\t\t\t\t\ttitle=\"riera del pinar, 33 Canet de Mar\"\n\t\t\t\t\taria-label=\"riera del pinar, 33 Canet de Mar\"\n\t\t\t><\/iframe>\n\t\t<\/div>\n\t\t\t\t\t\t<\/div>\n\t\t\t\t<\/div>\n\t\t\t\t<div class=\"elementor-element elementor-element-ad74658 elementor-widget elementor-widget-text-editor\" data-id=\"ad74658\" data-element_type=\"widget\" data-e-type=\"widget\" data-widget_type=\"text-editor.default\">\n\t\t\t\t<div class=\"elementor-widget-container\">\n\t\t\t\t\t\t\t\t\t<p class=\"p1\">Riera del pinar, 33<br> Canet de Mar<\/p>\t\t\t\t\t\t\t\t<\/div>\n\t\t\t\t<\/div>\n\t\t\t\t<div class=\"elementor-element elementor-element-6702974 elementor-widget__width-initial elementor-widget elementor-widget-google_maps\" data-id=\"6702974\" data-element_type=\"widget\" data-e-type=\"widget\" data-widget_type=\"google_maps.default\">\n\t\t\t\t<div class=\"elementor-widget-container\">\n\t\t\t\t\t\t\t<div class=\"elementor-custom-embed\">\n\t\t\t<iframe loading=\"lazy\"\n\t\t\t\t\tsrc=\"https:\/\/maps.google.com\/maps?q=Sant%20Antoni%20M%C2%AA%20Claret%2C%2088%2C%20Ciutadella%20de%20Menorca%2C&#038;t=m&#038;z=15&#038;output=embed&#038;iwloc=near\"\n\t\t\t\t\ttitle=\"Sant Antoni M\u00aa Claret, 88, Ciutadella de Menorca,\"\n\t\t\t\t\taria-label=\"Sant Antoni M\u00aa Claret, 88, Ciutadella de Menorca,\"\n\t\t\t><\/iframe>\n\t\t<\/div>\n\t\t\t\t\t\t<\/div>\n\t\t\t\t<\/div>\n\t\t\t\t<div class=\"elementor-element elementor-element-a9b9c0b elementor-widget elementor-widget-text-editor\" data-id=\"a9b9c0b\" data-element_type=\"widget\" data-e-type=\"widget\" data-widget_type=\"text-editor.default\">\n\t\t\t\t<div class=\"elementor-widget-container\">\n\t\t\t\t\t\t\t\t\t<p class=\"p1\">Calle San Antonio M\u00aa Claret, 88, PB, Ciudadela de Menorca, 07760, Islas Baleares<\/p>\t\t\t\t\t\t\t\t<\/div>\n\t\t\t\t<\/div>\n\t\t\t\t<\/div>\n\t\t\t\t<\/div>\n\t\t\t\t\t<\/div>\n\t\t\t\t<\/div>\n\t\t\t\t<\/div>\n\t\t","protected":false},"excerpt":{"rendered":"<p>Adri\u00e0 Marqu\u00e8s Arquitecto marquestriay.adria@gmail.com 616.49.60.79 @adriamt7 Riera del pinar, 33 Canet de Mar Calle San Antonio M\u00aa Claret, 88, PB, Ciudadela de Menorca, 07760, Islas Baleares<\/p>\n","protected":false},"author":1,"featured_media":0,"parent":0,"menu_order":0,"comment_status":"closed","ping_status":"closed","template":"","meta":{"_acf_changed":false,"footnotes":""},"class_list":["post-1585","page","type-page","status-publish","hentry"],"acf":[],"yoast_head":"<!-- This site is optimized with the Yoast SEO plugin v27.4 - https:\/\/yoast.com\/product\/yoast-seo-wordpress\/ -->\n<title>Contacto - Adri\u00e0 Marqu\u00e8s arquitectura<\/title>\n<meta name=\"robots\" content=\"index, follow, max-snippet:-1, max-image-preview:large, max-video-preview:-1\" \/>\n<link rel=\"canonical\" href=\"https:\/\/www.amarquesarquitectura.com\/es\/contacto\/\" \/>\n<meta property=\"og:locale\" content=\"es_ES\" \/>\n<meta property=\"og:type\" content=\"article\" \/>\n<meta property=\"og:title\" content=\"Contacto - Adri\u00e0 Marqu\u00e8s arquitectura\" \/>\n<meta property=\"og:description\" content=\"Adri\u00e0 Marqu\u00e8s Arquitecto marquestriay.adria@gmail.com 616.49.60.79 @adriamt7 Riera del pinar, 33 Canet de Mar Calle San Antonio M\u00aa Claret, 88, PB, Ciudadela de Menorca, 07760, Islas Baleares\" \/>\n<meta property=\"og:url\" content=\"https:\/\/www.amarquesarquitectura.com\/es\/contacto\/\" \/>\n<meta property=\"og:site_name\" content=\"Adri\u00e0 Marqu\u00e8s arquitectura\" \/>\n<meta property=\"article:modified_time\" content=\"2025-10-27T07:32:42+00:00\" \/>\n<meta name=\"twitter:card\" content=\"summary_large_image\" \/>\n<meta name=\"twitter:label1\" content=\"Tiempo de lectura\" \/>\n\t<meta name=\"twitter:data1\" content=\"1 minuto\" \/>\n<script type=\"application\/ld+json\" class=\"yoast-schema-graph\">{\"@context\":\"https:\\\/\\\/schema.org\",\"@graph\":[{\"@type\":\"WebPage\",\"@id\":\"https:\\\/\\\/www.amarquesarquitectura.com\\\/es\\\/contacto\\\/\",\"url\":\"https:\\\/\\\/www.amarquesarquitectura.com\\\/es\\\/contacto\\\/\",\"name\":\"Contacto - Adri\u00e0 Marqu\u00e8s arquitectura\",\"isPartOf\":{\"@id\":\"https:\\\/\\\/amarquesarquitectura.com\\\/#website\"},\"datePublished\":\"2024-11-26T11:07:32+00:00\",\"dateModified\":\"2025-10-27T07:32:42+00:00\",\"breadcrumb\":{\"@id\":\"https:\\\/\\\/www.amarquesarquitectura.com\\\/es\\\/contacto\\\/#breadcrumb\"},\"inLanguage\":\"es\",\"potentialAction\":[{\"@type\":\"ReadAction\",\"target\":[\"https:\\\/\\\/www.amarquesarquitectura.com\\\/es\\\/contacto\\\/\"]}]},{\"@type\":\"BreadcrumbList\",\"@id\":\"https:\\\/\\\/www.amarquesarquitectura.com\\\/es\\\/contacto\\\/#breadcrumb\",\"itemListElement\":[{\"@type\":\"ListItem\",\"position\":1,\"name\":\"Inici\",\"item\":\"https:\\\/\\\/www.amarquesarquitectura.com\\\/es\\\/adria-marques-arquitecto\\\/\"},{\"@type\":\"ListItem\",\"position\":2,\"name\":\"Contacto\"}]},{\"@type\":\"WebSite\",\"@id\":\"https:\\\/\\\/amarquesarquitectura.com\\\/#website\",\"url\":\"https:\\\/\\\/amarquesarquitectura.com\\\/\",\"name\":\"Adri\u00e0 Marqu\u00e8s arquitectura\",\"description\":\"Arquitecte\",\"publisher\":{\"@id\":\"https:\\\/\\\/amarquesarquitectura.com\\\/#organization\"},\"potentialAction\":[{\"@type\":\"SearchAction\",\"target\":{\"@type\":\"EntryPoint\",\"urlTemplate\":\"https:\\\/\\\/amarquesarquitectura.com\\\/?s={search_term_string}\"},\"query-input\":{\"@type\":\"PropertyValueSpecification\",\"valueRequired\":true,\"valueName\":\"search_term_string\"}}],\"inLanguage\":\"es\"},{\"@type\":\"Organization\",\"@id\":\"https:\\\/\\\/amarquesarquitectura.com\\\/#organization\",\"name\":\"Adri\u00e0 Marqu\u00e8s arquitectura\",\"url\":\"https:\\\/\\\/amarquesarquitectura.com\\\/\",\"logo\":{\"@type\":\"ImageObject\",\"inLanguage\":\"es\",\"@id\":\"https:\\\/\\\/amarquesarquitectura.com\\\/#\\\/schema\\\/logo\\\/image\\\/\",\"url\":\"https:\\\/\\\/www.amarquesarquitectura.com\\\/wp-content\\\/uploads\\\/am-arquitecte.svg\",\"contentUrl\":\"https:\\\/\\\/www.amarquesarquitectura.com\\\/wp-content\\\/uploads\\\/am-arquitecte.svg\",\"width\":587,\"height\":140,\"caption\":\"Adri\u00e0 Marqu\u00e8s arquitectura\"},\"image\":{\"@id\":\"https:\\\/\\\/amarquesarquitectura.com\\\/#\\\/schema\\\/logo\\\/image\\\/\"}}]}<\/script>\n<!-- \/ Yoast SEO plugin. -->","yoast_head_json":{"title":"Contacto - Adri\u00e0 Marqu\u00e8s arquitectura","robots":{"index":"index","follow":"follow","max-snippet":"max-snippet:-1","max-image-preview":"max-image-preview:large","max-video-preview":"max-video-preview:-1"},"canonical":"https:\/\/www.amarquesarquitectura.com\/es\/contacto\/","og_locale":"es_ES","og_type":"article","og_title":"Contacto - Adri\u00e0 Marqu\u00e8s arquitectura","og_description":"Adri\u00e0 Marqu\u00e8s Arquitecto marquestriay.adria@gmail.com 616.49.60.79 @adriamt7 Riera del pinar, 33 Canet de Mar Calle San Antonio M\u00aa Claret, 88, PB, Ciudadela de Menorca, 07760, Islas Baleares","og_url":"https:\/\/www.amarquesarquitectura.com\/es\/contacto\/","og_site_name":"Adri\u00e0 Marqu\u00e8s arquitectura","article_modified_time":"2025-10-27T07:32:42+00:00","twitter_card":"summary_large_image","twitter_misc":{"Tiempo de lectura":"1 minuto"},"schema":{"@context":"https:\/\/schema.org","@graph":[{"@type":"WebPage","@id":"https:\/\/www.amarquesarquitectura.com\/es\/contacto\/","url":"https:\/\/www.amarquesarquitectura.com\/es\/contacto\/","name":"Contacto - Adri\u00e0 Marqu\u00e8s arquitectura","isPartOf":{"@id":"https:\/\/amarquesarquitectura.com\/#website"},"datePublished":"2024-11-26T11:07:32+00:00","dateModified":"2025-10-27T07:32:42+00:00","breadcrumb":{"@id":"https:\/\/www.amarquesarquitectura.com\/es\/contacto\/#breadcrumb"},"inLanguage":"es","potentialAction":[{"@type":"ReadAction","target":["https:\/\/www.amarquesarquitectura.com\/es\/contacto\/"]}]},{"@type":"BreadcrumbList","@id":"https:\/\/www.amarquesarquitectura.com\/es\/contacto\/#breadcrumb","itemListElement":[{"@type":"ListItem","position":1,"name":"Inici","item":"https:\/\/www.amarquesarquitectura.com\/es\/adria-marques-arquitecto\/"},{"@type":"ListItem","position":2,"name":"Contacto"}]},{"@type":"WebSite","@id":"https:\/\/amarquesarquitectura.com\/#website","url":"https:\/\/amarquesarquitectura.com\/","name":"Adri\u00e0 Marqu\u00e8s arquitectura","description":"Arquitecte","publisher":{"@id":"https:\/\/amarquesarquitectura.com\/#organization"},"potentialAction":[{"@type":"SearchAction","target":{"@type":"EntryPoint","urlTemplate":"https:\/\/amarquesarquitectura.com\/?s={search_term_string}"},"query-input":{"@type":"PropertyValueSpecification","valueRequired":true,"valueName":"search_term_string"}}],"inLanguage":"es"},{"@type":"Organization","@id":"https:\/\/amarquesarquitectura.com\/#organization","name":"Adri\u00e0 Marqu\u00e8s arquitectura","url":"https:\/\/amarquesarquitectura.com\/","logo":{"@type":"ImageObject","inLanguage":"es","@id":"https:\/\/amarquesarquitectura.com\/#\/schema\/logo\/image\/","url":"https:\/\/www.amarquesarquitectura.com\/wp-content\/uploads\/am-arquitecte.svg","contentUrl":"https:\/\/www.amarquesarquitectura.com\/wp-content\/uploads\/am-arquitecte.svg","width":587,"height":140,"caption":"Adri\u00e0 Marqu\u00e8s arquitectura"},"image":{"@id":"https:\/\/amarquesarquitectura.com\/#\/schema\/logo\/image\/"}}]}},"_links":{"self":[{"href":"https:\/\/www.amarquesarquitectura.com\/es\/wp-json\/wp\/v2\/pages\/1585","targetHints":{"allow":["GET"]}}],"collection":[{"href":"https:\/\/www.amarquesarquitectura.com\/es\/wp-json\/wp\/v2\/pages"}],"about":[{"href":"https:\/\/www.amarquesarquitectura.com\/es\/wp-json\/wp\/v2\/types\/page"}],"author":[{"embeddable":true,"href":"https:\/\/www.amarquesarquitectura.com\/es\/wp-json\/wp\/v2\/users\/1"}],"replies":[{"embeddable":true,"href":"https:\/\/www.amarquesarquitectura.com\/es\/wp-json\/wp\/v2\/comments?post=1585"}],"version-history":[{"count":0,"href":"https:\/\/www.amarquesarquitectura.com\/es\/wp-json\/wp\/v2\/pages\/1585\/revisions"}],"wp:attachment":[{"href":"https:\/\/www.amarquesarquitectura.com\/es\/wp-json\/wp\/v2\/media?parent=1585"}],"curies":[{"name":"wp","href":"https:\/\/api.w.org\/{rel}","templated":true}]}}