{"id":1583,"date":"2024-12-12T11:33:02","date_gmt":"2024-12-12T11:33:02","guid":{"rendered":"https:\/\/amarquesarquitectura.com\/\/cookies\/"},"modified":"2024-12-12T15:55:09","modified_gmt":"2024-12-12T15:55:09","slug":"cookies","status":"publish","type":"page","link":"https:\/\/www.amarquesarquitectura.com\/es\/cookies\/","title":{"rendered":"Cookies"},"content":{"rendered":"\t\t<div data-elementor-type=\"wp-page\" data-elementor-id=\"1583\" class=\"elementor elementor-1583 elementor-1277\" data-elementor-post-type=\"page\">\n\t\t\t\t<div class=\"elementor-element elementor-element-a166b85 e-flex e-con-boxed e-con e-parent\" data-id=\"a166b85\" data-element_type=\"container\" data-e-type=\"container\">\n\t\t\t\t\t<div class=\"e-con-inner\">\n\t\t\t\t<div class=\"elementor-element elementor-element-4a40ea7 elementor-widget elementor-widget-heading\" data-id=\"4a40ea7\" data-element_type=\"widget\" data-e-type=\"widget\" data-widget_type=\"heading.default\">\n\t\t\t\t<div class=\"elementor-widget-container\">\n\t\t\t\t\t<h2 class=\"elementor-heading-title elementor-size-default\">POL\u00cdTICA DE COOKIES<br><\/h2>\t\t\t\t<\/div>\n\t\t\t\t<\/div>\n\t\t\t\t\t<\/div>\n\t\t\t\t<\/div>\n\t\t<div class=\"elementor-element elementor-element-ff634e9 e-flex e-con-boxed e-con e-parent\" data-id=\"ff634e9\" data-element_type=\"container\" data-e-type=\"container\">\n\t\t\t\t\t<div class=\"e-con-inner\">\n\t\t\t\t<div class=\"elementor-element elementor-element-afcd075 elementor-widget elementor-widget-text-editor\" data-id=\"afcd075\" data-element_type=\"widget\" data-e-type=\"widget\" data-widget_type=\"text-editor.default\">\n\t\t\t\t<div class=\"elementor-widget-container\">\n\t\t\t\t\t\t\t\t\t<p>Este sitio web utiliza cookies. Las cookies son peque\u00f1os archivos de texto en los que los navegadores almacenan informaci\u00f3n durante las visitas a las p\u00e1ginas web. En cookies, se pueden recoger datos como la direcci\u00f3n IP, la direcci\u00f3n que se est\u00e1 visitando, el sistema operativo, el idioma de navegaci\u00f3n, adem\u00e1s de otra informaci\u00f3n. Esta informaci\u00f3n no queda asociada a ninguna persona en concreto, sino que s\u00f3lo es informaci\u00f3n estad\u00edstica para analizar la visibilidad de los diferentes contenidos del sitio web.<\/p>\n<p>A continuaci\u00f3n, le ofrecemos informaci\u00f3n sobre qu\u00e9 cookies utiliza este sitio web as\u00ed como de la forma de controlar su gesti\u00f3n y c\u00f3mo eliminarlas completamente.<\/p>\n<h3><\/h3>\n<h4><br><\/h4><h4>COOKIES QUE UTILIZA ESTE SITIO WEB:<\/h4>\n<p>Este sitio web utiliza las siguientes cookies:<\/p>\n<div class=\"cky-audit-table-element\"><\/div>\n<h4><br><\/h4><h4>\u00bfC\u00d3MO SE PUEDEN ADMINISTRAR LAS COOKIES EN EL NAVEGADOR?<\/h4>\n<p>El usuario puede gestionar las cookies instaladas en su equipo mediante la configuraci\u00f3n de las opciones de su navegador. A continuaci\u00f3n le mostramos c\u00f3mo puede cambiar la configuraci\u00f3n de las opciones de las cookies en los principales navegadores del mercado para su versi\u00f3n de PC. En caso de que utilice otros navegadores o plataformas, por favor, consulte la documentaci\u00f3n espec\u00edfica suministrada por la empresa desarrolladora del navegador. La informaci\u00f3n que se muestra aqu\u00ed para su configuraci\u00f3n es para las versiones existentes en el momento de la confecci\u00f3n de esta documentaci\u00f3n. Es posible que las instrucciones difieran en futuras versiones de los navegadores. En este caso, por favor, consulte el correspondiente apartado de apoyo de la empresa desarrolladora.<\/p>\n<p><strong style=\"color: var( --e-global-color-text ); font-family: var( --e-global-typography-text-font-family ), Sans-serif; font-size: 1rem;\">Para ajustar los permisos relacionados con las cookies en el navegador Google Chrome:<\/strong><\/p>\n<ul>\n<li>Haga clic en el men\u00fa situado en la barra de herramientas.<\/li>\n<li>Seleccionar Configuraci\u00f3n.<\/li>\n<li>Haga clic en Mostrar opciones avanzadas.<\/li>\n<li>En la secci\u00f3n Privacidad pulse el bot\u00f3n Configuraci\u00f3n de contenido.<\/li>\n<li>En la secci\u00f3n Cookies se pueden configurar las opciones.<\/li>\n<\/ul>\n<p><a href=\"https:\/\/support.google.com\/chrome\/answer\/95647?hl=es\">M\u00e1s informaci\u00f3n sobre Google Chrome.<\/a><\/p>\n<p><strong style=\"color: var( --e-global-color-text ); font-family: var( --e-global-typography-text-font-family ), Sans-serif; font-size: 1rem;\">Para ajustar los permisos relacionados con las cookies en el navegador Mozilla Firefox:<\/strong><\/p>\n<ul>\n<li>En la parte superior de la ventana de Firefox clicar en el men\u00fa Herramientas.<\/li>\n<li>Seleccionar Opciones.<\/li>\n<li>Seleccionar el panel Privacidad.<\/li>\n<li>En la opci\u00f3n Firefox podr\u00e1 elegir Usar una configuraci\u00f3n personalizada para el historial para configurar las opciones.<\/li>\n<\/ul>\n<p><a href=\"http:\/\/support.mozilla.org\/es\/kb\/habilitar-y-deshabilitar-cookies-que-los-sitios-we\">M\u00e1s informaci\u00f3n sobre Mozilla Firefox.<\/a><\/p>\n<p><strong style=\"color: var( --e-global-color-text ); font-family: var( --e-global-typography-text-font-family ), Sans-serif; font-size: 1rem;\">Para ajustar los permisos relacionados con las cookies en el navegador Internet Explorer:<\/strong><\/p>\n<ul>\n<li>En la parte superior de la ventana de Internet Explorer clicar en el men\u00fa Herramientas.<\/li>\n<li>Vaya a la pesta\u00f1a Seguridad y utilice la opci\u00f3n Eliminar el historial de exploraci\u00f3n para eliminar las cookies.<\/li>\n<\/ul>\n<p><a style=\"font-family: var( --e-global-typography-text-font-family ), Sans-serif; font-weight: var( --e-global-typography-text-font-weight ); background-color: #ffffff; font-size: 1rem;\" href=\"http:\/\/windows.microsoft.com\/es-es\/internet-explorer\/delete-manage-cookies\">M\u00e1s informaci\u00f3n sobre Internet Explorer.<\/a><\/p>\n<p>Si bloquea el uso de cookies en el navegador es posible que algunos servicios o funcionalidades de la p\u00e1gina web no est\u00e9n disponibles.<\/p>\t\t\t\t\t\t\t\t<\/div>\n\t\t\t\t<\/div>\n\t\t\t\t\t<\/div>\n\t\t\t\t<\/div>\n\t\t\t\t<\/div>\n\t\t","protected":false},"excerpt":{"rendered":"<p>POL\u00cdTICA DE COOKIES Este sitio web utiliza cookies. Las cookies son peque\u00f1os archivos de texto en los que los navegadores almacenan informaci\u00f3n durante las visitas a las p\u00e1ginas web. En cookies, se pueden recoger datos como la direcci\u00f3n IP, la direcci\u00f3n que se est\u00e1 visitando, el sistema operativo, el idioma de navegaci\u00f3n, adem\u00e1s de otra [&hellip;]<\/p>\n","protected":false},"author":1,"featured_media":0,"parent":0,"menu_order":0,"comment_status":"closed","ping_status":"closed","template":"","meta":{"_acf_changed":false,"footnotes":""},"class_list":["post-1583","page","type-page","status-publish","hentry"],"acf":[],"yoast_head":"<!-- This site is optimized with the Yoast SEO plugin v27.4 - https:\/\/yoast.com\/product\/yoast-seo-wordpress\/ -->\n<title>Cookies - Adri\u00e0 Marqu\u00e8s arquitectura<\/title>\n<meta name=\"robots\" content=\"index, follow, max-snippet:-1, max-image-preview:large, max-video-preview:-1\" \/>\n<link rel=\"canonical\" href=\"https:\/\/www.amarquesarquitectura.com\/es\/cookies\/\" \/>\n<meta property=\"og:locale\" content=\"es_ES\" \/>\n<meta property=\"og:type\" content=\"article\" \/>\n<meta property=\"og:title\" content=\"Cookies - Adri\u00e0 Marqu\u00e8s arquitectura\" \/>\n<meta property=\"og:description\" content=\"POL\u00cdTICA DE COOKIES Este sitio web utiliza cookies. Las cookies son peque\u00f1os archivos de texto en los que los navegadores almacenan informaci\u00f3n durante las visitas a las p\u00e1ginas web. En cookies, se pueden recoger datos como la direcci\u00f3n IP, la direcci\u00f3n que se est\u00e1 visitando, el sistema operativo, el idioma de navegaci\u00f3n, adem\u00e1s de otra [&hellip;]\" \/>\n<meta property=\"og:url\" content=\"https:\/\/www.amarquesarquitectura.com\/es\/cookies\/\" \/>\n<meta property=\"og:site_name\" content=\"Adri\u00e0 Marqu\u00e8s arquitectura\" \/>\n<meta property=\"article:modified_time\" content=\"2024-12-12T15:55:09+00:00\" \/>\n<meta name=\"twitter:card\" content=\"summary_large_image\" \/>\n<meta name=\"twitter:label1\" content=\"Tiempo de lectura\" \/>\n\t<meta name=\"twitter:data1\" content=\"2 minutos\" \/>\n<script type=\"application\/ld+json\" class=\"yoast-schema-graph\">{\"@context\":\"https:\\\/\\\/schema.org\",\"@graph\":[{\"@type\":\"WebPage\",\"@id\":\"https:\\\/\\\/www.amarquesarquitectura.com\\\/es\\\/cookies\\\/\",\"url\":\"https:\\\/\\\/www.amarquesarquitectura.com\\\/es\\\/cookies\\\/\",\"name\":\"Cookies - Adri\u00e0 Marqu\u00e8s arquitectura\",\"isPartOf\":{\"@id\":\"https:\\\/\\\/amarquesarquitectura.com\\\/#website\"},\"datePublished\":\"2024-12-12T11:33:02+00:00\",\"dateModified\":\"2024-12-12T15:55:09+00:00\",\"breadcrumb\":{\"@id\":\"https:\\\/\\\/www.amarquesarquitectura.com\\\/es\\\/cookies\\\/#breadcrumb\"},\"inLanguage\":\"es\",\"potentialAction\":[{\"@type\":\"ReadAction\",\"target\":[\"https:\\\/\\\/www.amarquesarquitectura.com\\\/es\\\/cookies\\\/\"]}]},{\"@type\":\"BreadcrumbList\",\"@id\":\"https:\\\/\\\/www.amarquesarquitectura.com\\\/es\\\/cookies\\\/#breadcrumb\",\"itemListElement\":[{\"@type\":\"ListItem\",\"position\":1,\"name\":\"Inici\",\"item\":\"https:\\\/\\\/www.amarquesarquitectura.com\\\/es\\\/adria-marques-arquitecto\\\/\"},{\"@type\":\"ListItem\",\"position\":2,\"name\":\"Cookies\"}]},{\"@type\":\"WebSite\",\"@id\":\"https:\\\/\\\/amarquesarquitectura.com\\\/#website\",\"url\":\"https:\\\/\\\/amarquesarquitectura.com\\\/\",\"name\":\"Adri\u00e0 Marqu\u00e8s arquitectura\",\"description\":\"Arquitecte\",\"publisher\":{\"@id\":\"https:\\\/\\\/amarquesarquitectura.com\\\/#organization\"},\"potentialAction\":[{\"@type\":\"SearchAction\",\"target\":{\"@type\":\"EntryPoint\",\"urlTemplate\":\"https:\\\/\\\/amarquesarquitectura.com\\\/?s={search_term_string}\"},\"query-input\":{\"@type\":\"PropertyValueSpecification\",\"valueRequired\":true,\"valueName\":\"search_term_string\"}}],\"inLanguage\":\"es\"},{\"@type\":\"Organization\",\"@id\":\"https:\\\/\\\/amarquesarquitectura.com\\\/#organization\",\"name\":\"Adri\u00e0 Marqu\u00e8s arquitectura\",\"url\":\"https:\\\/\\\/amarquesarquitectura.com\\\/\",\"logo\":{\"@type\":\"ImageObject\",\"inLanguage\":\"es\",\"@id\":\"https:\\\/\\\/amarquesarquitectura.com\\\/#\\\/schema\\\/logo\\\/image\\\/\",\"url\":\"https:\\\/\\\/www.amarquesarquitectura.com\\\/wp-content\\\/uploads\\\/am-arquitecte.svg\",\"contentUrl\":\"https:\\\/\\\/www.amarquesarquitectura.com\\\/wp-content\\\/uploads\\\/am-arquitecte.svg\",\"width\":587,\"height\":140,\"caption\":\"Adri\u00e0 Marqu\u00e8s arquitectura\"},\"image\":{\"@id\":\"https:\\\/\\\/amarquesarquitectura.com\\\/#\\\/schema\\\/logo\\\/image\\\/\"}}]}<\/script>\n<!-- \/ Yoast SEO plugin. -->","yoast_head_json":{"title":"Cookies - Adri\u00e0 Marqu\u00e8s arquitectura","robots":{"index":"index","follow":"follow","max-snippet":"max-snippet:-1","max-image-preview":"max-image-preview:large","max-video-preview":"max-video-preview:-1"},"canonical":"https:\/\/www.amarquesarquitectura.com\/es\/cookies\/","og_locale":"es_ES","og_type":"article","og_title":"Cookies - Adri\u00e0 Marqu\u00e8s arquitectura","og_description":"POL\u00cdTICA DE COOKIES Este sitio web utiliza cookies. Las cookies son peque\u00f1os archivos de texto en los que los navegadores almacenan informaci\u00f3n durante las visitas a las p\u00e1ginas web. En cookies, se pueden recoger datos como la direcci\u00f3n IP, la direcci\u00f3n que se est\u00e1 visitando, el sistema operativo, el idioma de navegaci\u00f3n, adem\u00e1s de otra [&hellip;]","og_url":"https:\/\/www.amarquesarquitectura.com\/es\/cookies\/","og_site_name":"Adri\u00e0 Marqu\u00e8s arquitectura","article_modified_time":"2024-12-12T15:55:09+00:00","twitter_card":"summary_large_image","twitter_misc":{"Tiempo de lectura":"2 minutos"},"schema":{"@context":"https:\/\/schema.org","@graph":[{"@type":"WebPage","@id":"https:\/\/www.amarquesarquitectura.com\/es\/cookies\/","url":"https:\/\/www.amarquesarquitectura.com\/es\/cookies\/","name":"Cookies - Adri\u00e0 Marqu\u00e8s arquitectura","isPartOf":{"@id":"https:\/\/amarquesarquitectura.com\/#website"},"datePublished":"2024-12-12T11:33:02+00:00","dateModified":"2024-12-12T15:55:09+00:00","breadcrumb":{"@id":"https:\/\/www.amarquesarquitectura.com\/es\/cookies\/#breadcrumb"},"inLanguage":"es","potentialAction":[{"@type":"ReadAction","target":["https:\/\/www.amarquesarquitectura.com\/es\/cookies\/"]}]},{"@type":"BreadcrumbList","@id":"https:\/\/www.amarquesarquitectura.com\/es\/cookies\/#breadcrumb","itemListElement":[{"@type":"ListItem","position":1,"name":"Inici","item":"https:\/\/www.amarquesarquitectura.com\/es\/adria-marques-arquitecto\/"},{"@type":"ListItem","position":2,"name":"Cookies"}]},{"@type":"WebSite","@id":"https:\/\/amarquesarquitectura.com\/#website","url":"https:\/\/amarquesarquitectura.com\/","name":"Adri\u00e0 Marqu\u00e8s arquitectura","description":"Arquitecte","publisher":{"@id":"https:\/\/amarquesarquitectura.com\/#organization"},"potentialAction":[{"@type":"SearchAction","target":{"@type":"EntryPoint","urlTemplate":"https:\/\/amarquesarquitectura.com\/?s={search_term_string}"},"query-input":{"@type":"PropertyValueSpecification","valueRequired":true,"valueName":"search_term_string"}}],"inLanguage":"es"},{"@type":"Organization","@id":"https:\/\/amarquesarquitectura.com\/#organization","name":"Adri\u00e0 Marqu\u00e8s arquitectura","url":"https:\/\/amarquesarquitectura.com\/","logo":{"@type":"ImageObject","inLanguage":"es","@id":"https:\/\/amarquesarquitectura.com\/#\/schema\/logo\/image\/","url":"https:\/\/www.amarquesarquitectura.com\/wp-content\/uploads\/am-arquitecte.svg","contentUrl":"https:\/\/www.amarquesarquitectura.com\/wp-content\/uploads\/am-arquitecte.svg","width":587,"height":140,"caption":"Adri\u00e0 Marqu\u00e8s arquitectura"},"image":{"@id":"https:\/\/amarquesarquitectura.com\/#\/schema\/logo\/image\/"}}]}},"_links":{"self":[{"href":"https:\/\/www.amarquesarquitectura.com\/es\/wp-json\/wp\/v2\/pages\/1583","targetHints":{"allow":["GET"]}}],"collection":[{"href":"https:\/\/www.amarquesarquitectura.com\/es\/wp-json\/wp\/v2\/pages"}],"about":[{"href":"https:\/\/www.amarquesarquitectura.com\/es\/wp-json\/wp\/v2\/types\/page"}],"author":[{"embeddable":true,"href":"https:\/\/www.amarquesarquitectura.com\/es\/wp-json\/wp\/v2\/users\/1"}],"replies":[{"embeddable":true,"href":"https:\/\/www.amarquesarquitectura.com\/es\/wp-json\/wp\/v2\/comments?post=1583"}],"version-history":[{"count":0,"href":"https:\/\/www.amarquesarquitectura.com\/es\/wp-json\/wp\/v2\/pages\/1583\/revisions"}],"wp:attachment":[{"href":"https:\/\/www.amarquesarquitectura.com\/es\/wp-json\/wp\/v2\/media?parent=1583"}],"curies":[{"name":"wp","href":"https:\/\/api.w.org\/{rel}","templated":true}]}}